{"id":3005,"date":"2019-10-18T15:06:25","date_gmt":"2019-10-18T13:06:25","guid":{"rendered":"https:\/\/www.senologie.ch\/servizi\/in-primo-piano\/archiv-brennpunkt\/"},"modified":"2019-10-18T16:55:50","modified_gmt":"2019-10-18T14:55:50","slug":"archivia-in-primo-piano","status":"publish","type":"page","link":"https:\/\/www.senologie.ch\/it\/servizi\/in-primo-piano\/archivia-in-primo-piano\/","title":{"rendered":"Archivia in primo piano"},"content":{"rendered":"\t\t<div data-elementor-type=\"wp-post\" data-elementor-id=\"3005\" class=\"elementor elementor-3005 elementor-2996\" data-elementor-post-type=\"page\">\n\t\t\t\t\t\t<section class=\"elementor-section elementor-top-section elementor-element elementor-element-f87b1ba elementor-section-boxed elementor-section-height-default elementor-section-height-default\" data-id=\"f87b1ba\" data-element_type=\"section\">\n\t\t\t\t\t\t<div class=\"elementor-container elementor-column-gap-default\">\n\t\t\t\t\t<div class=\"elementor-column elementor-col-100 elementor-top-column elementor-element elementor-element-4960e0c\" data-id=\"4960e0c\" data-element_type=\"column\">\n\t\t\t<div class=\"elementor-widget-wrap elementor-element-populated\">\n\t\t\t\t\t\t<div class=\"elementor-element elementor-element-1630394 elementor-widget elementor-widget-heading\" data-id=\"1630394\" data-element_type=\"widget\" data-widget_type=\"heading.default\">\n\t\t\t\t<div class=\"elementor-widget-container\">\n\t\t\t\t\t<h1 class=\"elementor-heading-title elementor-size-default\">Archivio in primo piano<\/h1>\t\t\t\t<\/div>\n\t\t\t\t<\/div>\n\t\t\t\t\t<\/div>\n\t\t<\/div>\n\t\t\t\t\t<\/div>\n\t\t<\/section>\n\t\t\t\t<section class=\"elementor-section elementor-top-section elementor-element elementor-element-ab50d32 elementor-section-boxed elementor-section-height-default elementor-section-height-default\" data-id=\"ab50d32\" data-element_type=\"section\">\n\t\t\t\t\t\t<div class=\"elementor-container elementor-column-gap-default\">\n\t\t\t\t\t<div class=\"elementor-column elementor-col-100 elementor-top-column elementor-element elementor-element-4d443f9\" data-id=\"4d443f9\" data-element_type=\"column\">\n\t\t\t<div class=\"elementor-widget-wrap elementor-element-populated\">\n\t\t\t\t\t\t<div class=\"elementor-element elementor-element-16b2abe elementor-widget elementor-widget-heading\" data-id=\"16b2abe\" data-element_type=\"widget\" data-widget_type=\"heading.default\">\n\t\t\t\t<div class=\"elementor-widget-container\">\n\t\t\t\t\t<h2 class=\"elementor-heading-title elementor-size-default\">Articolo<\/h2>\t\t\t\t<\/div>\n\t\t\t\t<\/div>\n\t\t\t\t\t<\/div>\n\t\t<\/div>\n\t\t\t\t\t<\/div>\n\t\t<\/section>\n\t\t\t\t<section class=\"elementor-section elementor-top-section elementor-element elementor-element-8130c66 elementor-section-boxed elementor-section-height-default elementor-section-height-default\" data-id=\"8130c66\" data-element_type=\"section\">\n\t\t\t\t\t\t<div class=\"elementor-container elementor-column-gap-default\">\n\t\t\t\t\t<div class=\"elementor-column elementor-col-100 elementor-top-column elementor-element elementor-element-099dab4\" data-id=\"099dab4\" data-element_type=\"column\">\n\t\t\t<div class=\"elementor-widget-wrap elementor-element-populated\">\n\t\t\t\t\t\t<div class=\"elementor-element elementor-element-44e9b39 elementor-widget elementor-widget-heading\" data-id=\"44e9b39\" data-element_type=\"widget\" data-widget_type=\"heading.default\">\n\t\t\t\t<div class=\"elementor-widget-container\">\n\t\t\t\t\t<h2 class=\"elementor-heading-title elementor-size-default\">Altre pubblicazioni<\/h2>\t\t\t\t<\/div>\n\t\t\t\t<\/div>\n\t\t\t\t<div class=\"elementor-element elementor-element-0b7c1c8 elementor-widget elementor-widget-text-editor\" data-id=\"0b7c1c8\" data-element_type=\"widget\" data-widget_type=\"text-editor.default\">\n\t\t\t\t<div class=\"elementor-widget-container\">\n\t\t\t\t\t\t\t\t\t<p><a href=\"https:\/\/www.senologie.ch\/it\/servizi\/in-primo-piano\/sentinel-lymphknotenoperation-waechter-lymphknoten\/\">Kommentar des Vorstandes der Schweizerischen Gesellschaft f\u00fcr Senologie vom 2.10.2003 zur Sentinel Lymphknotenoperation (in tedesco)<\/a><\/p><p><a href=\"https:\/\/www.senologie.ch\/it\/servizi\/in-primo-piano\/brustprothesen-die-qual-der-wahl\/\">Brosch\u00fcre der Schweizerischen Krebsliga \u00fcber Brustprothesen (in tedesco)<\/a><\/p><p><a href=\"https:\/\/www.admin.ch\/gov\/de\/start\/dokumentation\/medienmitteilungen.msg-id-4326.html\" target=\"_blank\" rel=\"noopener\">Das Bundesamt f\u00fcr Gesundheit empfiehlt die Explantation der Soja\u00f6l-Prothesen (in tedesco)<\/a><\/p>\t\t\t\t\t\t\t\t<\/div>\n\t\t\t\t<\/div>\n\t\t\t\t\t<\/div>\n\t\t<\/div>\n\t\t\t\t\t<\/div>\n\t\t<\/section>\n\t\t\t\t<\/div>\n\t\t","protected":false},"excerpt":{"rendered":"<p>Archivio in primo piano Articolo Altre pubblicazioni Kommentar des Vorstandes der Schweizerischen Gesellschaft f\u00fcr Senologie vom 2.10.2003 zur Sentinel Lymphknotenoperation (in tedesco) Brosch\u00fcre der Schweizerischen Krebsliga \u00fcber Brustprothesen (in tedesco) Das Bundesamt f\u00fcr Gesundheit empfiehlt die Explantation der Soja\u00f6l-Prothesen (in tedesco)<\/p>\n","protected":false},"author":4,"featured_media":0,"parent":1806,"menu_order":33,"comment_status":"closed","ping_status":"closed","template":"","meta":{"_acf_changed":false,"footnotes":""},"class_list":["post-3005","page","type-page","status-publish","hentry"],"acf":[],"_links":{"self":[{"href":"https:\/\/www.senologie.ch\/it\/wp-json\/wp\/v2\/pages\/3005","targetHints":{"allow":["GET"]}}],"collection":[{"href":"https:\/\/www.senologie.ch\/it\/wp-json\/wp\/v2\/pages"}],"about":[{"href":"https:\/\/www.senologie.ch\/it\/wp-json\/wp\/v2\/types\/page"}],"author":[{"embeddable":true,"href":"https:\/\/www.senologie.ch\/it\/wp-json\/wp\/v2\/users\/4"}],"replies":[{"embeddable":true,"href":"https:\/\/www.senologie.ch\/it\/wp-json\/wp\/v2\/comments?post=3005"}],"version-history":[{"count":3,"href":"https:\/\/www.senologie.ch\/it\/wp-json\/wp\/v2\/pages\/3005\/revisions"}],"predecessor-version":[{"id":3048,"href":"https:\/\/www.senologie.ch\/it\/wp-json\/wp\/v2\/pages\/3005\/revisions\/3048"}],"up":[{"embeddable":true,"href":"https:\/\/www.senologie.ch\/it\/wp-json\/wp\/v2\/pages\/1806"}],"wp:attachment":[{"href":"https:\/\/www.senologie.ch\/it\/wp-json\/wp\/v2\/media?parent=3005"}],"curies":[{"name":"wp","href":"https:\/\/api.w.org\/{rel}","templated":true}]}}