{"id":1796,"date":"2019-06-25T18:49:48","date_gmt":"2019-06-25T16:49:48","guid":{"rendered":"https:\/\/senologie.novatask.biz\/diplom\/"},"modified":"2026-03-19T18:43:03","modified_gmt":"2026-03-19T17:43:03","slug":"diplom","status":"publish","type":"page","link":"https:\/\/www.senologie.ch\/it\/la-sss\/diplom\/","title":{"rendered":"Diplom"},"content":{"rendered":"\t\t<div data-elementor-type=\"wp-post\" data-elementor-id=\"1796\" class=\"elementor elementor-1796 elementor-283\" data-elementor-post-type=\"page\">\n\t\t\t\t\t\t<section class=\"elementor-section elementor-top-section elementor-element elementor-element-47e5b60 elementor-section-boxed elementor-section-height-default elementor-section-height-default\" data-id=\"47e5b60\" data-element_type=\"section\">\n\t\t\t\t\t\t<div class=\"elementor-container elementor-column-gap-default\">\n\t\t\t\t\t<div class=\"elementor-column elementor-col-100 elementor-top-column elementor-element elementor-element-8374172\" data-id=\"8374172\" data-element_type=\"column\">\n\t\t\t<div class=\"elementor-widget-wrap elementor-element-populated\">\n\t\t\t\t\t\t<div class=\"elementor-element elementor-element-33ac23e elementor-widget elementor-widget-heading\" data-id=\"33ac23e\" data-element_type=\"widget\" data-widget_type=\"heading.default\">\n\t\t\t\t<div class=\"elementor-widget-container\">\n\t\t\t\t\t<h1 class=\"elementor-heading-title elementor-size-default\">Diplom<\/h1>\t\t\t\t<\/div>\n\t\t\t\t<\/div>\n\t\t\t\t\t<\/div>\n\t\t<\/div>\n\t\t\t\t\t<\/div>\n\t\t<\/section>\n\t\t\t\t<section class=\"elementor-section elementor-top-section elementor-element elementor-element-ee0e7e6 elementor-section-boxed elementor-section-height-default elementor-section-height-default\" data-id=\"ee0e7e6\" data-element_type=\"section\">\n\t\t\t\t\t\t<div class=\"elementor-container elementor-column-gap-default\">\n\t\t\t\t\t<div class=\"elementor-column elementor-col-100 elementor-top-column elementor-element elementor-element-bfe51b3\" data-id=\"bfe51b3\" data-element_type=\"column\">\n\t\t\t<div class=\"elementor-widget-wrap elementor-element-populated\">\n\t\t\t\t\t\t<div class=\"elementor-element elementor-element-2c585cf elementor-widget elementor-widget-heading\" data-id=\"2c585cf\" data-element_type=\"widget\" data-widget_type=\"heading.default\">\n\t\t\t\t<div class=\"elementor-widget-container\">\n\t\t\t\t\t<h2 class=\"elementor-heading-title elementor-size-default\">Diploma course of the Swiss Society of Senology (SSS)<\/h2>\t\t\t\t<\/div>\n\t\t\t\t<\/div>\n\t\t\t\t\t<\/div>\n\t\t<\/div>\n\t\t\t\t\t<\/div>\n\t\t<\/section>\n\t\t\t\t<section class=\"elementor-section elementor-top-section elementor-element elementor-element-8eb9aa7 elementor-section-boxed elementor-section-height-default elementor-section-height-default\" data-id=\"8eb9aa7\" data-element_type=\"section\">\n\t\t\t\t\t\t<div class=\"elementor-container elementor-column-gap-default\">\n\t\t\t\t\t<div class=\"elementor-column elementor-col-100 elementor-top-column elementor-element elementor-element-2a14312\" data-id=\"2a14312\" data-element_type=\"column\">\n\t\t\t<div class=\"elementor-widget-wrap elementor-element-populated\">\n\t\t\t\t\t\t<div class=\"elementor-element elementor-element-58c628e elementor-widget elementor-widget-text-editor\" data-id=\"58c628e\" data-element_type=\"widget\" data-widget_type=\"text-editor.default\">\n\t\t\t\t<div class=\"elementor-widget-container\">\n\t\t\t\t\t\t\t\t\t<p>This Diploma course of the Swiss society of Senology is an educational training<br>in Senology for residents and\/or specialists in radiology, pathology, gynecology, surgery, plastic surgery, medical oncology, radio oncology, and genetics. The Diploma will not entitle anybody to be able to be paid for diagnostic or therapeutic procedures other than are regular components of their own specialist formation, but should optimize and complement the existing courses and congresses. It should mainly serve as a motivator for young specialists with special interest in senology.<\/p><p><a href=\"https:\/\/www.senologie.ch\/wp-content\/uploads\/2026\/03\/Diploma-Senology-brochure-2027.pdf\" target=\"_blank\" rel=\"noopener\">Brochure<\/a><\/p>\t\t\t\t\t\t\t\t<\/div>\n\t\t\t\t<\/div>\n\t\t\t\t\t<\/div>\n\t\t<\/div>\n\t\t\t\t\t<\/div>\n\t\t<\/section>\n\t\t\t\t<section class=\"elementor-section elementor-top-section elementor-element elementor-element-776248a elementor-section-boxed elementor-section-height-default elementor-section-height-default\" data-id=\"776248a\" data-element_type=\"section\">\n\t\t\t\t\t\t<div class=\"elementor-container elementor-column-gap-default\">\n\t\t\t\t\t<div class=\"elementor-column elementor-col-100 elementor-top-column elementor-element elementor-element-b22da15\" data-id=\"b22da15\" data-element_type=\"column\">\n\t\t\t<div class=\"elementor-widget-wrap elementor-element-populated\">\n\t\t\t\t\t\t<div class=\"elementor-element elementor-element-4a55a98 elementor-widget elementor-widget-heading\" data-id=\"4a55a98\" data-element_type=\"widget\" data-widget_type=\"heading.default\">\n\t\t\t\t<div class=\"elementor-widget-container\">\n\t\t\t\t\t<h2 class=\"elementor-heading-title elementor-size-default\">2027<\/h2>\t\t\t\t<\/div>\n\t\t\t\t<\/div>\n\t\t\t\t<div class=\"elementor-element elementor-element-de54efc elementor-widget elementor-widget-heading\" data-id=\"de54efc\" data-element_type=\"widget\" data-widget_type=\"heading.default\">\n\t\t\t\t<div class=\"elementor-widget-container\">\n\t\t\t\t\t<h3 class=\"elementor-heading-title elementor-size-default\">Module 1<\/h3>\t\t\t\t<\/div>\n\t\t\t\t<\/div>\n\t\t\t\t<div class=\"elementor-element elementor-element-b76ebbd elementor-widget elementor-widget-text-editor\" data-id=\"b76ebbd\" data-element_type=\"widget\" data-widget_type=\"text-editor.default\">\n\t\t\t\t<div class=\"elementor-widget-container\">\n\t\t\t\t\t\t\t\t\t<p>Theoretical basic \u2013 5 days<br><b>Module 1A<\/b><br>3 days course in <strong>Lausanne<\/strong><b><span lang=\"FR-CH\">, March 3 &#8211; 5, 2027<\/span><\/b><br>H\u00f4tel Aquatis, Route de Berne 150, 1010 Lausanne, <a href=\"https:\/\/www.aquatis-hotel.ch\" target=\"_blank\" rel=\"noopener\">www.aquatis-hotel.ch<\/a><\/p><p><a href=\"https:\/\/www.senologie.ch\/wp-content\/uploads\/2026\/03\/Diploma-Senology-brochure-2027.pdf\" target=\"_blank\" rel=\"noopener\">Program<\/a><br><a href=\"https:\/\/diploma2027.exordo.com\/login\" target=\"_blank\" rel=\"noopener\">Registration<\/a><\/p>\t\t\t\t\t\t\t\t<\/div>\n\t\t\t\t<\/div>\n\t\t\t\t<div class=\"elementor-element elementor-element-9258834 elementor-widget elementor-widget-text-editor\" data-id=\"9258834\" data-element_type=\"widget\" data-widget_type=\"text-editor.default\">\n\t\t\t\t<div class=\"elementor-widget-container\">\n\t\t\t\t\t\t\t\t\t<p><b>Module 1B <br><\/b>theoretical basic course of 2 days<br>In <strong>Bern, <\/strong><b>November 25 &#8211; 26, 2027<\/b><br>Kongresszentrum Kreuz, Zeughausgasse 41, 3011 Bern<\/p><p><a href=\"https:\/\/www.senologie.ch\/wp-content\/uploads\/2026\/03\/Diploma-Senology-brochure-2027.pdf\" target=\"_blank\" rel=\"noopener\">Program<\/a><br><a href=\"https:\/\/diploma2027.exordo.com\/login\" target=\"_blank\" rel=\"noopener\">Registration<\/a><\/p>\t\t\t\t\t\t\t\t<\/div>\n\t\t\t\t<\/div>\n\t\t\t\t\t<\/div>\n\t\t<\/div>\n\t\t\t\t\t<\/div>\n\t\t<\/section>\n\t\t\t\t<section class=\"elementor-section elementor-top-section elementor-element elementor-element-e96797b elementor-section-boxed elementor-section-height-default elementor-section-height-default\" data-id=\"e96797b\" data-element_type=\"section\">\n\t\t\t\t\t\t<div class=\"elementor-container elementor-column-gap-default\">\n\t\t\t\t\t<div class=\"elementor-column elementor-col-100 elementor-top-column elementor-element elementor-element-b32457e\" data-id=\"b32457e\" data-element_type=\"column\">\n\t\t\t<div class=\"elementor-widget-wrap elementor-element-populated\">\n\t\t\t\t\t\t<div class=\"elementor-element elementor-element-18e34a8 elementor-widget elementor-widget-heading\" data-id=\"18e34a8\" data-element_type=\"widget\" data-widget_type=\"heading.default\">\n\t\t\t\t<div class=\"elementor-widget-container\">\n\t\t\t\t\t<h3 class=\"elementor-heading-title elementor-size-default\">Module 2<\/h3>\t\t\t\t<\/div>\n\t\t\t\t<\/div>\n\t\t\t\t\t<\/div>\n\t\t<\/div>\n\t\t\t\t\t<\/div>\n\t\t<\/section>\n\t\t\t\t<section class=\"elementor-section elementor-top-section elementor-element elementor-element-b402a81 elementor-section-boxed elementor-section-height-default elementor-section-height-default\" data-id=\"b402a81\" data-element_type=\"section\">\n\t\t\t\t\t\t<div class=\"elementor-container elementor-column-gap-default\">\n\t\t\t\t\t<div class=\"elementor-column elementor-col-100 elementor-top-column elementor-element elementor-element-7716d98\" data-id=\"7716d98\" data-element_type=\"column\">\n\t\t\t<div class=\"elementor-widget-wrap elementor-element-populated\">\n\t\t\t\t\t\t<div class=\"elementor-element elementor-element-9f1b84b elementor-widget elementor-widget-text-editor\" data-id=\"9f1b84b\" data-element_type=\"widget\" data-widget_type=\"text-editor.default\">\n\t\t\t\t<div class=\"elementor-widget-container\">\n\t\t\t\t\t\t\t\t\t<p>Theoretical advanced<\/p><p>The aim of module 2 is to improve the candidates\u2019 knowledge of their subspecialty as well as the acquisition of interdisciplinary knowledge in the field of senology. The candidates are encouraged to attend scientific meetings and courses on the topic of senology of at least 70 hours (10 days). Acknowledged courses are Kollegium Brustkrebs, IBUS course, Annual Meeting of the SSS, Senologie Update, Ultrasound course Basel, MIBB workshop, Breast course in St. Moritz, San Antonio Breast Cancer Symposium, ASCO meeting, Congr\u00e8s de la Soci\u00e9t\u00e9 Fran\u00e7aise de S\u00e9nologie et de Pathologie Mammaire, Milan<br>Breast Cancer Conference, Jahrestagung der Deutschen Gesellschaft f\u00fcr Senologie, Jahrestagung der \u00d6sterreichischen Gesellschaft f\u00fcr Senologie, EUSOBI Annual Scientific Meeting, etc. Each candidate has to document the <strong>acquisition of 70 CME points during the last 4 years<\/strong> before applying for the SGS\/SSS diploma. <strong>CME points earned in module 1a and module 1b will not be accepted for module 2.<\/strong><\/p>\t\t\t\t\t\t\t\t<\/div>\n\t\t\t\t<\/div>\n\t\t\t\t\t<\/div>\n\t\t<\/div>\n\t\t\t\t\t<\/div>\n\t\t<\/section>\n\t\t\t\t<section class=\"elementor-section elementor-top-section elementor-element elementor-element-ead228b elementor-section-boxed elementor-section-height-default elementor-section-height-default\" data-id=\"ead228b\" data-element_type=\"section\">\n\t\t\t\t\t\t<div class=\"elementor-container elementor-column-gap-default\">\n\t\t\t\t\t<div class=\"elementor-column elementor-col-100 elementor-top-column elementor-element elementor-element-83cf9dc\" data-id=\"83cf9dc\" data-element_type=\"column\">\n\t\t\t<div class=\"elementor-widget-wrap elementor-element-populated\">\n\t\t\t\t\t\t<div class=\"elementor-element elementor-element-fe95b72 elementor-widget elementor-widget-heading\" data-id=\"fe95b72\" data-element_type=\"widget\" data-widget_type=\"heading.default\">\n\t\t\t\t<div class=\"elementor-widget-container\">\n\t\t\t\t\t<h3 class=\"elementor-heading-title elementor-size-default\">Module 3<\/h3>\t\t\t\t<\/div>\n\t\t\t\t<\/div>\n\t\t\t\t\t<\/div>\n\t\t<\/div>\n\t\t\t\t\t<\/div>\n\t\t<\/section>\n\t\t\t\t<section class=\"elementor-section elementor-top-section elementor-element elementor-element-da72233 elementor-section-boxed elementor-section-height-default elementor-section-height-default\" data-id=\"da72233\" data-element_type=\"section\">\n\t\t\t\t\t\t<div class=\"elementor-container elementor-column-gap-default\">\n\t\t\t\t\t<div class=\"elementor-column elementor-col-100 elementor-top-column elementor-element elementor-element-c566ee8\" data-id=\"c566ee8\" data-element_type=\"column\">\n\t\t\t<div class=\"elementor-widget-wrap elementor-element-populated\">\n\t\t\t\t\t\t<div class=\"elementor-element elementor-element-4078dab elementor-widget elementor-widget-text-editor\" data-id=\"4078dab\" data-element_type=\"widget\" data-widget_type=\"text-editor.default\">\n\t\t\t\t<div class=\"elementor-widget-container\">\n\t\t\t\t\t\t\t\t\t<p>Practical course<\/p><p>2 weeks in a certified breast center. The goal of this practical course is to train future senologists to apply a multidisciplinary approach in the treatment of patients with<br>benign and malignant breast disease. During this 2-week internship at a breast center<br>with a nationally or internationally recognized quality assurance certificate, trainees<br>should enhance their understanding of the particular needs of these patients. Hands-on experience during the internship is desirable; pure observing, however, is accepted if requested by the certified breast center. The practical course will be divided into one 5-day week of elective specialty rotation followed by one 5-day week of non-specialty rotation or vice versa. For experienced senologists, the 5-day week of elective specialty rotation can be omitted and the non-specialty rotation doubled to 10 days accordingly. For trainees and experienced senologists working at a certified breast center, passing module 3 in their own center is possible, provided that the requirements described below can be met. In this case, only non-specialty rotations are valid (10 days). The signed confirmation of a week of elective specialty rotation at the \u201chome discipline\u201d of the trainee or experienced senologist at their own breast center will not be accepted as part of modul III.<\/p>\t\t\t\t\t\t\t\t<\/div>\n\t\t\t\t<\/div>\n\t\t\t\t\t<\/div>\n\t\t<\/div>\n\t\t\t\t\t<\/div>\n\t\t<\/section>\n\t\t\t\t<section class=\"elementor-section elementor-top-section elementor-element elementor-element-4c0e999 elementor-section-boxed elementor-section-height-default elementor-section-height-default\" data-id=\"4c0e999\" data-element_type=\"section\">\n\t\t\t\t\t\t<div class=\"elementor-container elementor-column-gap-default\">\n\t\t\t\t\t<div class=\"elementor-column elementor-col-100 elementor-top-column elementor-element elementor-element-0d1fec6\" data-id=\"0d1fec6\" data-element_type=\"column\">\n\t\t\t<div class=\"elementor-widget-wrap elementor-element-populated\">\n\t\t\t\t\t\t<div class=\"elementor-element elementor-element-1b0937a elementor-widget elementor-widget-heading\" data-id=\"1b0937a\" data-element_type=\"widget\" data-widget_type=\"heading.default\">\n\t\t\t\t<div class=\"elementor-widget-container\">\n\t\t\t\t\t<h3 class=\"elementor-heading-title elementor-size-default\">Responsible<\/h3>\t\t\t\t<\/div>\n\t\t\t\t<\/div>\n\t\t\t\t\t<\/div>\n\t\t<\/div>\n\t\t\t\t\t<\/div>\n\t\t<\/section>\n\t\t\t\t<section class=\"elementor-section elementor-top-section elementor-element elementor-element-3bffe17 elementor-section-boxed elementor-section-height-default elementor-section-height-default\" data-id=\"3bffe17\" data-element_type=\"section\">\n\t\t\t\t\t\t<div class=\"elementor-container elementor-column-gap-default\">\n\t\t\t\t\t<div class=\"elementor-column elementor-col-100 elementor-top-column elementor-element elementor-element-f52368b\" data-id=\"f52368b\" data-element_type=\"column\">\n\t\t\t<div class=\"elementor-widget-wrap elementor-element-populated\">\n\t\t\t\t\t\t<div class=\"elementor-element elementor-element-2648f59 elementor-widget elementor-widget-text-editor\" data-id=\"2648f59\" data-element_type=\"widget\" data-widget_type=\"text-editor.default\">\n\t\t\t\t<div class=\"elementor-widget-container\">\n\t\t\t\t\t\t\t\t\t<p>Module 1a (3 days course in Lausanne): Dre Than Lam, Geneva<br>Module 1b (2 days course in Bern) : Dr. Francesco Meani, Lugano<br>Module 2 (70 credits CME): PD Dr. Konstantin Dedes, Zurich<br>Module 3 (2 weeks at a certified breast center): Prof. Dr. Walter Weber, Basel<\/p>\t\t\t\t\t\t\t\t<\/div>\n\t\t\t\t<\/div>\n\t\t\t\t\t<\/div>\n\t\t<\/div>\n\t\t\t\t\t<\/div>\n\t\t<\/section>\n\t\t\t\t<\/div>\n\t\t","protected":false},"excerpt":{"rendered":"<p>Diploma course of the Swiss Society of Senology (SSS) This Diploma course of the Swiss society of Senology is an educational trainingin Senology for residents and\/or specialists in radiology, pathology, gynecology, surgery, plastic surgery, medical oncology, radio oncology, and genetics. The Diploma will not entitle anybody to be able to be paid for diagnostic or [&hellip;]<\/p>\n","protected":false},"author":4,"featured_media":0,"parent":1905,"menu_order":61,"comment_status":"closed","ping_status":"closed","template":"","meta":{"_acf_changed":false,"footnotes":""},"class_list":["post-1796","page","type-page","status-publish","hentry"],"acf":[],"_links":{"self":[{"href":"https:\/\/www.senologie.ch\/it\/wp-json\/wp\/v2\/pages\/1796","targetHints":{"allow":["GET"]}}],"collection":[{"href":"https:\/\/www.senologie.ch\/it\/wp-json\/wp\/v2\/pages"}],"about":[{"href":"https:\/\/www.senologie.ch\/it\/wp-json\/wp\/v2\/types\/page"}],"author":[{"embeddable":true,"href":"https:\/\/www.senologie.ch\/it\/wp-json\/wp\/v2\/users\/4"}],"replies":[{"embeddable":true,"href":"https:\/\/www.senologie.ch\/it\/wp-json\/wp\/v2\/comments?post=1796"}],"version-history":[{"count":66,"href":"https:\/\/www.senologie.ch\/it\/wp-json\/wp\/v2\/pages\/1796\/revisions"}],"predecessor-version":[{"id":12450,"href":"https:\/\/www.senologie.ch\/it\/wp-json\/wp\/v2\/pages\/1796\/revisions\/12450"}],"up":[{"embeddable":true,"href":"https:\/\/www.senologie.ch\/it\/wp-json\/wp\/v2\/pages\/1905"}],"wp:attachment":[{"href":"https:\/\/www.senologie.ch\/it\/wp-json\/wp\/v2\/media?parent=1796"}],"curies":[{"name":"wp","href":"https:\/\/api.w.org\/{rel}","templated":true}]}}