{"id":1776,"date":"2019-06-25T18:21:15","date_gmt":"2019-06-25T16:21:15","guid":{"rendered":"https:\/\/senologie.novatask.biz\/consiglio-direttivo\/"},"modified":"2026-03-11T16:22:26","modified_gmt":"2026-03-11T15:22:26","slug":"consiglio-direttivo","status":"publish","type":"page","link":"https:\/\/www.senologie.ch\/it\/la-sss\/consiglio-direttivo\/","title":{"rendered":"Consiglio direttivo"},"content":{"rendered":"\t\t<div data-elementor-type=\"wp-post\" data-elementor-id=\"1776\" class=\"elementor elementor-1776 elementor-274\" data-elementor-post-type=\"page\">\n\t\t\t\t\t\t<section class=\"elementor-section elementor-top-section elementor-element elementor-element-b6f4904 elementor-section-boxed elementor-section-height-default elementor-section-height-default\" data-id=\"b6f4904\" data-element_type=\"section\">\n\t\t\t\t\t\t<div class=\"elementor-container elementor-column-gap-default\">\n\t\t\t\t\t<div class=\"elementor-column elementor-col-100 elementor-top-column elementor-element elementor-element-1d1ebf6\" data-id=\"1d1ebf6\" data-element_type=\"column\">\n\t\t\t<div class=\"elementor-widget-wrap elementor-element-populated\">\n\t\t\t\t\t\t<div class=\"elementor-element elementor-element-468eece elementor-widget elementor-widget-heading\" data-id=\"468eece\" data-element_type=\"widget\" data-widget_type=\"heading.default\">\n\t\t\t\t<div class=\"elementor-widget-container\">\n\t\t\t\t\t<h1 class=\"elementor-heading-title elementor-size-default\">Consiglio direttivo<\/h1>\t\t\t\t<\/div>\n\t\t\t\t<\/div>\n\t\t\t\t\t<\/div>\n\t\t<\/div>\n\t\t\t\t\t<\/div>\n\t\t<\/section>\n\t\t\t\t<section class=\"elementor-section elementor-top-section elementor-element elementor-element-0d4b468 elementor-section-boxed elementor-section-height-default elementor-section-height-default\" data-id=\"0d4b468\" data-element_type=\"section\">\n\t\t\t\t\t\t<div class=\"elementor-container elementor-column-gap-default\">\n\t\t\t\t\t<div class=\"elementor-column elementor-col-100 elementor-top-column elementor-element elementor-element-51e08b1\" data-id=\"51e08b1\" data-element_type=\"column\">\n\t\t\t<div class=\"elementor-widget-wrap elementor-element-populated\">\n\t\t\t\t\t\t<div class=\"elementor-element elementor-element-377c8cd elementor-widget elementor-widget-heading\" data-id=\"377c8cd\" data-element_type=\"widget\" data-widget_type=\"heading.default\">\n\t\t\t\t<div class=\"elementor-widget-container\">\n\t\t\t\t\t<h2 class=\"elementor-heading-title elementor-size-default\">Consiglio direttivo 2024\/2025<\/h2>\t\t\t\t<\/div>\n\t\t\t\t<\/div>\n\t\t\t\t\t<\/div>\n\t\t<\/div>\n\t\t\t\t\t<\/div>\n\t\t<\/section>\n\t\t\t\t<section class=\"elementor-section elementor-top-section elementor-element elementor-element-6cd3f55 elementor-section-boxed elementor-section-height-default elementor-section-height-default\" data-id=\"6cd3f55\" data-element_type=\"section\">\n\t\t\t\t\t\t<div class=\"elementor-container elementor-column-gap-default\">\n\t\t\t\t\t<div class=\"elementor-column elementor-col-50 elementor-top-column elementor-element elementor-element-04afbbd\" data-id=\"04afbbd\" data-element_type=\"column\">\n\t\t\t<div class=\"elementor-widget-wrap elementor-element-populated\">\n\t\t\t\t\t\t<div class=\"elementor-element elementor-element-2da0a86 elementor-position-left elementor-vertical-align-top elementor-widget elementor-widget-image-box\" data-id=\"2da0a86\" data-element_type=\"widget\" data-widget_type=\"image-box.default\">\n\t\t\t\t<div class=\"elementor-widget-container\">\n\t\t\t\t\t<div class=\"elementor-image-box-wrapper\"><figure class=\"elementor-image-box-img\"><img decoding=\"async\" width=\"197\" height=\"197\" src=\"https:\/\/www.senologie.ch\/wp-content\/uploads\/2025\/09\/varga.jpg\" class=\"attachment-medium size-medium wp-image-11924\" alt=\"\" srcset=\"https:\/\/www.senologie.ch\/wp-content\/uploads\/2025\/09\/varga.jpg 197w, https:\/\/www.senologie.ch\/wp-content\/uploads\/2025\/09\/varga-150x150.jpg 150w\" sizes=\"(max-width: 197px) 100vw, 197px\" \/><\/figure><div class=\"elementor-image-box-content\"><h3 class=\"elementor-image-box-title\">Presidente<\/h3><p class=\"elementor-image-box-description\">Prof.ssa Dott.ssa Zsuzsanna Varga<br>\nSpecialista FMH in patologia<br>\nInstitute of Surgical Pathology, Universit\u00e4tsspital Z\u00fcrich, Zurigo<br>\n<b style=\"color: #e4013a\">Rappresentante ufficiale della Societ\u00e0 Svizzera di Patologia (SGPath)<\/b><\/p><\/div><\/div>\t\t\t\t<\/div>\n\t\t\t\t<\/div>\n\t\t\t\t\t<\/div>\n\t\t<\/div>\n\t\t\t\t<div class=\"elementor-column elementor-col-50 elementor-top-column elementor-element elementor-element-284d985\" data-id=\"284d985\" data-element_type=\"column\">\n\t\t\t<div class=\"elementor-widget-wrap elementor-element-populated\">\n\t\t\t\t\t\t<div class=\"elementor-element elementor-element-cf7dd15 elementor-position-left elementor-vertical-align-top elementor-widget elementor-widget-image-box\" data-id=\"cf7dd15\" data-element_type=\"widget\" data-widget_type=\"image-box.default\">\n\t\t\t\t<div class=\"elementor-widget-container\">\n\t\t\t\t\t<div class=\"elementor-image-box-wrapper\"><figure class=\"elementor-image-box-img\"><img fetchpriority=\"high\" decoding=\"async\" width=\"300\" height=\"300\" src=\"https:\/\/www.senologie.ch\/wp-content\/uploads\/2019\/08\/cornelia-leo.jpg\" class=\"attachment-medium size-medium wp-image-2645\" alt=\"\" srcset=\"https:\/\/www.senologie.ch\/wp-content\/uploads\/2019\/08\/cornelia-leo.jpg 300w, https:\/\/www.senologie.ch\/wp-content\/uploads\/2019\/08\/cornelia-leo-150x150.jpg 150w\" sizes=\"(max-width: 300px) 100vw, 300px\" \/><\/figure><div class=\"elementor-image-box-content\"><h3 class=\"elementor-image-box-title\">Ex-Presidente<\/h3><p class=\"elementor-image-box-description\">Prof.ssa Dott.ssa Cornelia Leo<br>\nSpecialista FMH in ginecologia e ostetricia<br>\nLeiterin Interdiszipl. Brustzentrum, Baden<\/p><\/div><\/div>\t\t\t\t<\/div>\n\t\t\t\t<\/div>\n\t\t\t\t\t<\/div>\n\t\t<\/div>\n\t\t\t\t\t<\/div>\n\t\t<\/section>\n\t\t\t\t<section class=\"elementor-section elementor-top-section elementor-element elementor-element-cb98308 elementor-section-boxed elementor-section-height-default elementor-section-height-default\" data-id=\"cb98308\" data-element_type=\"section\">\n\t\t\t\t\t\t<div class=\"elementor-container elementor-column-gap-default\">\n\t\t\t\t\t<div class=\"elementor-column elementor-col-50 elementor-top-column elementor-element elementor-element-d3a1737\" data-id=\"d3a1737\" data-element_type=\"column\">\n\t\t\t<div class=\"elementor-widget-wrap elementor-element-populated\">\n\t\t\t\t\t\t<div class=\"elementor-element elementor-element-26b4140 elementor-position-left elementor-vertical-align-top elementor-widget elementor-widget-image-box\" data-id=\"26b4140\" data-element_type=\"widget\" data-widget_type=\"image-box.default\">\n\t\t\t\t<div class=\"elementor-widget-container\">\n\t\t\t\t\t<div class=\"elementor-image-box-wrapper\"><figure class=\"elementor-image-box-img\"><img decoding=\"async\" width=\"253\" height=\"277\" src=\"https:\/\/www.senologie.ch\/wp-content\/uploads\/2023\/09\/claudia_rauh-1.jpg\" class=\"attachment-medium size-medium wp-image-9288\" alt=\"\" \/><\/figure><div class=\"elementor-image-box-content\"><h3 class=\"elementor-image-box-title\">1<sup>a<\/sup> Vicepresidente<\/h3><p class=\"elementor-image-box-description\">PD Dr. med. Claudia Rauh<br>\nGinecologia e ostetricia,  Senologia, USZ, Zurigo <\/p><\/div><\/div>\t\t\t\t<\/div>\n\t\t\t\t<\/div>\n\t\t\t\t\t<\/div>\n\t\t<\/div>\n\t\t\t\t<div class=\"elementor-column elementor-col-50 elementor-top-column elementor-element elementor-element-a9308e3\" data-id=\"a9308e3\" data-element_type=\"column\">\n\t\t\t<div class=\"elementor-widget-wrap elementor-element-populated\">\n\t\t\t\t\t\t<div class=\"elementor-element elementor-element-a69acc6 elementor-position-left elementor-vertical-align-top elementor-widget elementor-widget-image-box\" data-id=\"a69acc6\" data-element_type=\"widget\" data-widget_type=\"image-box.default\">\n\t\t\t\t<div class=\"elementor-widget-container\">\n\t\t\t\t\t<div class=\"elementor-image-box-wrapper\"><figure class=\"elementor-image-box-img\"><img loading=\"lazy\" decoding=\"async\" width=\"300\" height=\"300\" src=\"https:\/\/www.senologie.ch\/wp-content\/uploads\/2021\/09\/Salome-Riniker-300x300.jpg\" class=\"attachment-medium size-medium wp-image-6024\" alt=\"\" srcset=\"https:\/\/www.senologie.ch\/wp-content\/uploads\/2021\/09\/Salome-Riniker.jpg 300w, https:\/\/www.senologie.ch\/wp-content\/uploads\/2021\/09\/Salome-Riniker-150x150.jpg 150w\" sizes=\"(max-width: 300px) 100vw, 300px\" \/><\/figure><div class=\"elementor-image-box-content\"><h3 class=\"elementor-image-box-title\">1<sup>a<\/sup> Consigliera aggiunta<\/h3><p class=\"elementor-image-box-description\">Dott.ssa Salome Riniker<br>\nCentro tumori e seno ZeTuP San Gallo<br>\n<b style=\"color: #e4013a\">Revisore SGS<\/b><\/p><\/div><\/div>\t\t\t\t<\/div>\n\t\t\t\t<\/div>\n\t\t\t\t\t<\/div>\n\t\t<\/div>\n\t\t\t\t\t<\/div>\n\t\t<\/section>\n\t\t\t\t<section class=\"elementor-section elementor-top-section elementor-element elementor-element-60a0274 elementor-section-boxed elementor-section-height-default elementor-section-height-default\" data-id=\"60a0274\" data-element_type=\"section\">\n\t\t\t\t\t\t<div class=\"elementor-container elementor-column-gap-default\">\n\t\t\t\t\t<div class=\"elementor-column elementor-col-50 elementor-top-column elementor-element elementor-element-8b3154f\" data-id=\"8b3154f\" data-element_type=\"column\">\n\t\t\t<div class=\"elementor-widget-wrap elementor-element-populated\">\n\t\t\t\t\t\t<div class=\"elementor-element elementor-element-a8ca755 elementor-position-left elementor-vertical-align-top elementor-widget elementor-widget-image-box\" data-id=\"a8ca755\" data-element_type=\"widget\" data-widget_type=\"image-box.default\">\n\t\t\t\t<div class=\"elementor-widget-container\">\n\t\t\t\t\t<div class=\"elementor-image-box-wrapper\"><figure class=\"elementor-image-box-img\"><img loading=\"lazy\" decoding=\"async\" width=\"119\" height=\"119\" src=\"https:\/\/www.senologie.ch\/wp-content\/uploads\/2025\/09\/elisabeth_kappos.jpg\" class=\"attachment-medium size-medium wp-image-11930\" alt=\"\" \/><\/figure><div class=\"elementor-image-box-content\"><h3 class=\"elementor-image-box-title\">2<sup>a<\/sup> Vicepresidente<\/h3><p class=\"elementor-image-box-description\">Prof. Dr. med. Elisabeth Kappos<br>\nChirurgia plastica, ricostruttiva, estetica e della mano<br>\nUniversit\u00e4tsspital Basel\n<br><b style=\"color: #e4013a\">\nVertreterin SGPRAEC<\/b><\/p><\/div><\/div>\t\t\t\t<\/div>\n\t\t\t\t<\/div>\n\t\t\t\t\t<\/div>\n\t\t<\/div>\n\t\t\t\t<div class=\"elementor-column elementor-col-50 elementor-top-column elementor-element elementor-element-688bef4\" data-id=\"688bef4\" data-element_type=\"column\">\n\t\t\t<div class=\"elementor-widget-wrap elementor-element-populated\">\n\t\t\t\t\t\t<div class=\"elementor-element elementor-element-766e44b elementor-position-left elementor-vertical-align-top elementor-widget elementor-widget-image-box\" data-id=\"766e44b\" data-element_type=\"widget\" data-widget_type=\"image-box.default\">\n\t\t\t\t<div class=\"elementor-widget-container\">\n\t\t\t\t\t<div class=\"elementor-image-box-wrapper\"><figure class=\"elementor-image-box-img\"><img loading=\"lazy\" decoding=\"async\" width=\"192\" height=\"192\" src=\"https:\/\/www.senologie.ch\/wp-content\/uploads\/2025\/09\/konstantin_dedes.jpg\" class=\"attachment-medium size-medium wp-image-11933\" alt=\"\" srcset=\"https:\/\/www.senologie.ch\/wp-content\/uploads\/2025\/09\/konstantin_dedes.jpg 192w, https:\/\/www.senologie.ch\/wp-content\/uploads\/2025\/09\/konstantin_dedes-150x150.jpg 150w\" sizes=\"(max-width: 192px) 100vw, 192px\" \/><\/figure><div class=\"elementor-image-box-content\"><h3 class=\"elementor-image-box-title\">1\u00b0 Consigliere aggiunto<\/h3><p class=\"elementor-image-box-description\">PD Dr. med. Konstantin Dedes<br>\nGinecologia e ostetricia<br>\nGynPraxis Thalwil<\/p><\/div><\/div>\t\t\t\t<\/div>\n\t\t\t\t<\/div>\n\t\t\t\t\t<\/div>\n\t\t<\/div>\n\t\t\t\t\t<\/div>\n\t\t<\/section>\n\t\t\t\t<section class=\"elementor-section elementor-top-section elementor-element elementor-element-9332868 elementor-section-boxed elementor-section-height-default elementor-section-height-default\" data-id=\"9332868\" data-element_type=\"section\">\n\t\t\t\t\t\t<div class=\"elementor-container elementor-column-gap-default\">\n\t\t\t\t\t<div class=\"elementor-column elementor-col-50 elementor-top-column elementor-element elementor-element-92dc7f6\" data-id=\"92dc7f6\" data-element_type=\"column\">\n\t\t\t<div class=\"elementor-widget-wrap elementor-element-populated\">\n\t\t\t\t\t\t<div class=\"elementor-element elementor-element-fe487ae elementor-position-left elementor-vertical-align-top elementor-widget elementor-widget-image-box\" data-id=\"fe487ae\" data-element_type=\"widget\" data-widget_type=\"image-box.default\">\n\t\t\t\t<div class=\"elementor-widget-container\">\n\t\t\t\t\t<div class=\"elementor-image-box-wrapper\"><figure class=\"elementor-image-box-img\"><img loading=\"lazy\" decoding=\"async\" width=\"300\" height=\"300\" src=\"https:\/\/www.senologie.ch\/wp-content\/uploads\/2021\/09\/Michael-Knauer-300x300.jpg\" class=\"attachment-medium size-medium wp-image-6031\" alt=\"\" srcset=\"https:\/\/www.senologie.ch\/wp-content\/uploads\/2021\/09\/Michael-Knauer.jpg 300w, https:\/\/www.senologie.ch\/wp-content\/uploads\/2021\/09\/Michael-Knauer-150x150.jpg 150w\" sizes=\"(max-width: 300px) 100vw, 300px\" \/><\/figure><div class=\"elementor-image-box-content\"><h3 class=\"elementor-image-box-title\">Segretario generale<\/h3><p class=\"elementor-image-box-description\">Prof. Dott. FEBS Michael Knauer<br>\nAllgemein- und Viszeralchirurgie, Brustzentrum Ostschweiz AG, St. Gallen<br><b style=\"color: #e4013a\">Vertreter der OeGS<\/b><\/p><\/div><\/div>\t\t\t\t<\/div>\n\t\t\t\t<\/div>\n\t\t\t\t\t<\/div>\n\t\t<\/div>\n\t\t\t\t<div class=\"elementor-column elementor-col-50 elementor-top-column elementor-element elementor-element-ca48aa2\" data-id=\"ca48aa2\" data-element_type=\"column\">\n\t\t\t<div class=\"elementor-widget-wrap elementor-element-populated\">\n\t\t\t\t\t\t<div class=\"elementor-element elementor-element-35d3586 elementor-position-left elementor-vertical-align-top elementor-widget elementor-widget-image-box\" data-id=\"35d3586\" data-element_type=\"widget\" data-widget_type=\"image-box.default\">\n\t\t\t\t<div class=\"elementor-widget-container\">\n\t\t\t\t\t<div class=\"elementor-image-box-wrapper\"><figure class=\"elementor-image-box-img\"><img loading=\"lazy\" decoding=\"async\" width=\"183\" height=\"183\" src=\"https:\/\/www.senologie.ch\/wp-content\/uploads\/2025\/09\/constanze_elfgen.jpg\" class=\"attachment-medium size-medium wp-image-11927\" alt=\"\" srcset=\"https:\/\/www.senologie.ch\/wp-content\/uploads\/2025\/09\/constanze_elfgen.jpg 183w, https:\/\/www.senologie.ch\/wp-content\/uploads\/2025\/09\/constanze_elfgen-150x150.jpg 150w\" sizes=\"(max-width: 183px) 100vw, 183px\" \/><\/figure><div class=\"elementor-image-box-content\"><h3 class=\"elementor-image-box-title\">Tesoriere<\/h3><p class=\"elementor-image-box-description\">PD Dr. med. Constanze Elfgen<br>\nGinecologia e ostetricia<br>\nBrust-Zentrum Z\u00fcrich<\/p><\/div><\/div>\t\t\t\t<\/div>\n\t\t\t\t<\/div>\n\t\t\t\t\t<\/div>\n\t\t<\/div>\n\t\t\t\t\t<\/div>\n\t\t<\/section>\n\t\t\t\t<section class=\"elementor-section elementor-top-section elementor-element elementor-element-344ace8 elementor-section-boxed elementor-section-height-default elementor-section-height-default\" data-id=\"344ace8\" data-element_type=\"section\">\n\t\t\t\t\t\t<div class=\"elementor-container elementor-column-gap-default\">\n\t\t\t\t\t<div class=\"elementor-column elementor-col-100 elementor-top-column elementor-element elementor-element-98cd0b7\" data-id=\"98cd0b7\" data-element_type=\"column\">\n\t\t\t<div class=\"elementor-widget-wrap elementor-element-populated\">\n\t\t\t\t\t\t<div class=\"elementor-element elementor-element-d1a0f0f elementor-widget elementor-widget-heading\" data-id=\"d1a0f0f\" data-element_type=\"widget\" data-widget_type=\"heading.default\">\n\t\t\t\t<div class=\"elementor-widget-container\">\n\t\t\t\t\t<h2 class=\"elementor-heading-title elementor-size-default\">Comitato consultivo 2024\/2025<\/h2>\t\t\t\t<\/div>\n\t\t\t\t<\/div>\n\t\t\t\t\t<\/div>\n\t\t<\/div>\n\t\t\t\t\t<\/div>\n\t\t<\/section>\n\t\t\t\t<section class=\"elementor-section elementor-top-section elementor-element elementor-element-af57545 elementor-section-boxed elementor-section-height-default elementor-section-height-default\" data-id=\"af57545\" data-element_type=\"section\">\n\t\t\t\t\t\t<div class=\"elementor-container elementor-column-gap-default\">\n\t\t\t\t\t<div class=\"elementor-column elementor-col-50 elementor-top-column elementor-element elementor-element-5cc25eb\" data-id=\"5cc25eb\" data-element_type=\"column\">\n\t\t\t<div class=\"elementor-widget-wrap elementor-element-populated\">\n\t\t\t\t\t\t<div class=\"elementor-element elementor-element-bd235a9 elementor-widget elementor-widget-text-editor\" data-id=\"bd235a9\" data-element_type=\"widget\" data-widget_type=\"text-editor.default\">\n\t\t\t\t<div class=\"elementor-widget-container\">\n\t\t\t\t\t\t\t\t\t<p><strong>Dott.ssa med. Ghazal Adler <\/strong><br \/>Radiologia<br \/>ImageRive Center, Ginevra<\/p><p><strong>Dott.ssa med. Rosaria Condorelli<\/strong><br \/>Oncologo<br \/>Ente Ospedaliero Cantonale, Bellinzona<\/p><p><strong>Dott. med. Kavitha D\u00e4ster<\/strong><br \/>Chirurgia mammaria<br \/>Brust-Zentrum Z\u00fcrch<\/p><p><strong>Prof. Dott. med. Peter Dubsky<\/strong><br \/>Chirurgia mammaria<br \/>Hirslanden Klinik St. Anna, Luzern<\/p><p><strong>Prof. Dott. med. Yves Harder<\/strong><br \/>Chirurgia plastica, ricostruttiva e estetica<br \/>CHUV, Losanna<\/p><p><strong>Univ. \u2013Prof. Dr. med. Andreas Hartkopf<\/strong><br \/>Universit\u00e4ts-Frauenklinik T\u00fcbingen<br \/><strong style=\"color: #e4013a;\">Vertreter der DGS<\/strong><\/p><p><strong>Dott.ssa med. Liliana Castrezana L\u00f3pez<\/strong><br \/>FMH Specialista in chirurgia<br \/>KSB, Baden<br \/><strong style=\"color: #e4013a;\">Pr\u00e4sidentin der Arbeitsgruppe YSSS (Young Swiss Society Senologinnen und Senologen)<\/strong><\/p><p><strong>Dott. med. Giang-Thanh Lam<\/strong><br \/>Specialista FMH in ginecologia e ostetricia<br \/>HUG, Ginevra<\/p>\t\t\t\t\t\t\t\t<\/div>\n\t\t\t\t<\/div>\n\t\t\t\t\t<\/div>\n\t\t<\/div>\n\t\t\t\t<div class=\"elementor-column elementor-col-50 elementor-top-column elementor-element elementor-element-65d8d29\" data-id=\"65d8d29\" data-element_type=\"column\">\n\t\t\t<div class=\"elementor-widget-wrap elementor-element-populated\">\n\t\t\t\t\t\t<div class=\"elementor-element elementor-element-0f05d01 elementor-widget elementor-widget-text-editor\" data-id=\"0f05d01\" data-element_type=\"widget\" data-widget_type=\"text-editor.default\">\n\t\t\t\t<div class=\"elementor-widget-container\">\n\t\t\t\t\t\t\t\t\t<p><strong>Dott.ssa Alessia Lardi<\/strong><br \/>Chirurgia plastica, ricostruttiva ed estetica<br \/>Ospedale cantonale dei Grigioni<br \/><strong style=\"color: #e4013a;\">Revisore SGS<\/strong><\/p><p><strong>Dott.ssa med. Martina Maranta<\/strong><br \/>Oncochirurgia<br \/>Ospedale Cantonale dei Grigioni<\/p><p><strong>Dott.ssa med. Gunilla M\u00fcller<\/strong><br \/>Radiologia, Istituto di Radiologia e Medicina Nucleare<br \/>Stadtspital Triemli, Zurigo<\/p><p><strong>Dott.ssa med. Tsoutsou Pelagia<\/strong><br \/>Radioterapista<br \/>Centre hospitalier universitaire vaudois, Losanna<\/p><p><strong>Dott. med. Noemi Schmidt<\/strong><br \/>Radiologia e medicina nucleare<br \/>Universit\u00e4tsspital Basel<\/p><p><strong>Dott.ssa Sheila Unger, MD<\/strong><br \/>Genetica medica<br \/>Losanna<\/p><p><strong>PD Dott. med. Marcus Vetter<\/strong><br \/>Oncologia, Ematologia e Immunoterapia<br \/>Ospedale Cantonale di Basilea<\/p><p><strong>PD Dott.ssa Tatjana Vlajnic<\/strong><br \/>Patologia<br \/>Ospedale universitario di Basilea, Basilea<\/p><p><strong>Dott. med. Khalil Zaman<\/strong><br \/>Oncologia<br \/>Ospedale universitario di Vaud, Losanna<\/p>\t\t\t\t\t\t\t\t<\/div>\n\t\t\t\t<\/div>\n\t\t\t\t\t<\/div>\n\t\t<\/div>\n\t\t\t\t\t<\/div>\n\t\t<\/section>\n\t\t\t\t<\/div>\n\t\t","protected":false},"excerpt":{"rendered":"<p>Consiglio direttivo 2024\/2025 Presidente Prof.ssa Dott.ssa Zsuzsanna Varga Specialista FMH in patologia Institute of Surgical Pathology, Universit\u00e4tsspital Z\u00fcrich, Zurigo Rappresentante ufficiale della Societ\u00e0 Svizzera di Patologia (SGPath) Ex-Presidente Prof.ssa Dott.ssa Cornelia Leo Specialista FMH in ginecologia e ostetricia Leiterin Interdiszipl. Brustzentrum, Baden 1a Vicepresidente PD Dr. med. Claudia Rauh Ginecologia e ostetricia, Senologia, USZ, Zurigo [&hellip;]<\/p>\n","protected":false},"author":4,"featured_media":0,"parent":1905,"menu_order":36,"comment_status":"closed","ping_status":"closed","template":"","meta":{"_acf_changed":false,"footnotes":""},"class_list":["post-1776","page","type-page","status-publish","hentry"],"acf":[],"_links":{"self":[{"href":"https:\/\/www.senologie.ch\/it\/wp-json\/wp\/v2\/pages\/1776","targetHints":{"allow":["GET"]}}],"collection":[{"href":"https:\/\/www.senologie.ch\/it\/wp-json\/wp\/v2\/pages"}],"about":[{"href":"https:\/\/www.senologie.ch\/it\/wp-json\/wp\/v2\/types\/page"}],"author":[{"embeddable":true,"href":"https:\/\/www.senologie.ch\/it\/wp-json\/wp\/v2\/users\/4"}],"replies":[{"embeddable":true,"href":"https:\/\/www.senologie.ch\/it\/wp-json\/wp\/v2\/comments?post=1776"}],"version-history":[{"count":208,"href":"https:\/\/www.senologie.ch\/it\/wp-json\/wp\/v2\/pages\/1776\/revisions"}],"predecessor-version":[{"id":12426,"href":"https:\/\/www.senologie.ch\/it\/wp-json\/wp\/v2\/pages\/1776\/revisions\/12426"}],"up":[{"embeddable":true,"href":"https:\/\/www.senologie.ch\/it\/wp-json\/wp\/v2\/pages\/1905"}],"wp:attachment":[{"href":"https:\/\/www.senologie.ch\/it\/wp-json\/wp\/v2\/media?parent=1776"}],"curies":[{"name":"wp","href":"https:\/\/api.w.org\/{rel}","templated":true}]}}