{"id":790,"date":"2019-04-24T10:22:33","date_gmt":"2019-04-24T08:22:33","guid":{"rendered":"http:\/\/192.168.168.69\/senologie\/info-du-sein\/predisposition-genetique\/"},"modified":"2024-02-14T16:46:01","modified_gmt":"2024-02-14T15:46:01","slug":"predisposition-genetique","status":"publish","type":"page","link":"https:\/\/www.senologie.ch\/fr\/info-du-sein\/predisposition-genetique\/","title":{"rendered":"Pr\u00e9disposition g\u00e9n\u00e9tique"},"content":{"rendered":"\t\t<div data-elementor-type=\"wp-post\" data-elementor-id=\"790\" class=\"elementor elementor-790 elementor-338\" data-elementor-post-type=\"page\">\n\t\t\t\t\t\t<section class=\"elementor-section elementor-top-section elementor-element elementor-element-0c85c7d elementor-section-boxed elementor-section-height-default elementor-section-height-default\" data-id=\"0c85c7d\" data-element_type=\"section\">\n\t\t\t\t\t\t<div class=\"elementor-container elementor-column-gap-default\">\n\t\t\t\t\t<div class=\"elementor-column elementor-col-100 elementor-top-column elementor-element elementor-element-6847153\" data-id=\"6847153\" data-element_type=\"column\">\n\t\t\t<div class=\"elementor-widget-wrap elementor-element-populated\">\n\t\t\t\t\t\t<div class=\"elementor-element elementor-element-f010c52 elementor-widget elementor-widget-heading\" data-id=\"f010c52\" data-element_type=\"widget\" data-widget_type=\"heading.default\">\n\t\t\t\t<div class=\"elementor-widget-container\">\n\t\t\t\t\t<h1 class=\"elementor-heading-title elementor-size-default\">Pr\u00e9disposition g\u00e9n\u00e9tique au cancer du sein<\/h1>\t\t\t\t<\/div>\n\t\t\t\t<\/div>\n\t\t\t\t\t<\/div>\n\t\t<\/div>\n\t\t\t\t\t<\/div>\n\t\t<\/section>\n\t\t\t\t<section class=\"elementor-section elementor-top-section elementor-element elementor-element-d1391b9 elementor-section-boxed elementor-section-height-default elementor-section-height-default\" data-id=\"d1391b9\" data-element_type=\"section\">\n\t\t\t\t\t\t<div class=\"elementor-container elementor-column-gap-default\">\n\t\t\t\t\t<div class=\"elementor-column elementor-col-100 elementor-top-column elementor-element elementor-element-c13ac07\" data-id=\"c13ac07\" data-element_type=\"column\">\n\t\t\t<div class=\"elementor-widget-wrap elementor-element-populated\">\n\t\t\t\t\t\t<div class=\"elementor-element elementor-element-467b0aa elementor-widget elementor-widget-heading\" data-id=\"467b0aa\" data-element_type=\"widget\" data-widget_type=\"heading.default\">\n\t\t\t\t<div class=\"elementor-widget-container\">\n\t\t\t\t\t<h2 class=\"elementor-heading-title elementor-size-default\">Questionnaire<\/h2>\t\t\t\t<\/div>\n\t\t\t\t<\/div>\n\t\t\t\t<div class=\"elementor-element elementor-element-2732357 elementor-widget elementor-widget-text-editor\" data-id=\"2732357\" data-element_type=\"widget\" data-widget_type=\"text-editor.default\">\n\t\t\t\t<div class=\"elementor-widget-container\">\n\t\t\t\t\t\t\t\t\t<p><a href=\"https:\/\/www.senologie.ch\/wp-content\/uploads\/2024\/02\/Standartfragebogen-familiaere-Risiken-version_2024_FR.pdf\" target=\"_blank\" rel=\"noopener\">T\u00e9l\u00e9charger le PDF<\/a><\/p>\t\t\t\t\t\t\t\t<\/div>\n\t\t\t\t<\/div>\n\t\t\t\t\t<\/div>\n\t\t<\/div>\n\t\t\t\t\t<\/div>\n\t\t<\/section>\n\t\t\t\t<section class=\"elementor-section elementor-top-section elementor-element elementor-element-a895cfc elementor-section-boxed elementor-section-height-default elementor-section-height-default\" data-id=\"a895cfc\" data-element_type=\"section\">\n\t\t\t\t\t\t<div class=\"elementor-container elementor-column-gap-default\">\n\t\t\t\t\t<div class=\"elementor-column elementor-col-100 elementor-top-column elementor-element elementor-element-42e2338\" data-id=\"42e2338\" data-element_type=\"column\">\n\t\t\t<div class=\"elementor-widget-wrap elementor-element-populated\">\n\t\t\t\t\t\t<div class=\"elementor-element elementor-element-41e82f5 elementor-widget elementor-widget-heading\" data-id=\"41e82f5\" data-element_type=\"widget\" data-widget_type=\"heading.default\">\n\t\t\t\t<div class=\"elementor-widget-container\">\n\t\t\t\t\t<h2 class=\"elementor-heading-title elementor-size-default\">Aide pour l'\u00e9valuation<\/h2>\t\t\t\t<\/div>\n\t\t\t\t<\/div>\n\t\t\t\t<div class=\"elementor-element elementor-element-0adbf6b elementor-widget elementor-widget-text-editor\" data-id=\"0adbf6b\" data-element_type=\"widget\" data-widget_type=\"text-editor.default\">\n\t\t\t\t<div class=\"elementor-widget-container\">\n\t\t\t\t\t\t\t\t\t<p><a href=\"https:\/\/www.senologie.ch\/wp-content\/uploads\/2019\/06\/Brustkrebsveranlagung_-Beurteilungshilfen-f-ENDVERSION.pdf\" target=\"_blank\" rel=\"noopener\">T\u00e9l\u00e9charger le PDF<\/a><\/p>\t\t\t\t\t\t\t\t<\/div>\n\t\t\t\t<\/div>\n\t\t\t\t\t<\/div>\n\t\t<\/div>\n\t\t\t\t\t<\/div>\n\t\t<\/section>\n\t\t\t\t<section class=\"elementor-section elementor-top-section elementor-element elementor-element-6cba621 elementor-section-boxed elementor-section-height-default elementor-section-height-default\" data-id=\"6cba621\" data-element_type=\"section\">\n\t\t\t\t\t\t<div class=\"elementor-container elementor-column-gap-default\">\n\t\t\t\t\t<div class=\"elementor-column elementor-col-100 elementor-top-column elementor-element elementor-element-9a447b6\" data-id=\"9a447b6\" data-element_type=\"column\">\n\t\t\t<div class=\"elementor-widget-wrap elementor-element-populated\">\n\t\t\t\t\t\t<div class=\"elementor-element elementor-element-9d4822d elementor-widget elementor-widget-heading\" data-id=\"9d4822d\" data-element_type=\"widget\" data-widget_type=\"heading.default\">\n\t\t\t\t<div class=\"elementor-widget-container\">\n\t\t\t\t\t<h2 class=\"elementor-heading-title elementor-size-default\">Conseil g\u00e9n\u00e9tique<\/h2>\t\t\t\t<\/div>\n\t\t\t\t<\/div>\n\t\t\t\t<div class=\"elementor-element elementor-element-97791a8 elementor-widget elementor-widget-text-editor\" data-id=\"97791a8\" data-element_type=\"widget\" data-widget_type=\"text-editor.default\">\n\t\t\t\t<div class=\"elementor-widget-container\">\n\t\t\t\t\t\t\t\t\t<a href=\"https:\/\/www.sakk.ch\/fr\/pour-les-patients\/conseil-genetique\" target=\"_blank\" rel=\"noopener\">SAKK \u2013 Conseil g\u00e9n\u00e9tique<\/a>\n\n<a href=\"https:\/\/www.sakk.ch\/sites\/default\/files\/2021-09\/Update%20Swiss%20guideline%20for%20genetic%20counselling%20and%20testing-09.21.pdf\" target=\"_blank\" rel=\"noopener\">Genetic predisposition to breast and ovarian cancer (Pr\u00e9disposition g\u00e9n\u00e9tique au cancer du sein et de l\u2019ovaire, en anglais, version de septembre 2021)<\/a>\t\t\t\t\t\t\t\t<\/div>\n\t\t\t\t<\/div>\n\t\t\t\t\t<\/div>\n\t\t<\/div>\n\t\t\t\t\t<\/div>\n\t\t<\/section>\n\t\t\t\t<\/div>\n\t\t","protected":false},"excerpt":{"rendered":"<p>Pr\u00e9disposition g\u00e9n\u00e9tique au cancer du sein Questionnaire T\u00e9l\u00e9charger le PDF Aide pour l&rsquo;\u00e9valuation T\u00e9l\u00e9charger le PDF Conseil g\u00e9n\u00e9tique SAKK \u2013 Conseil g\u00e9n\u00e9tique Genetic predisposition to breast and ovarian cancer (Pr\u00e9disposition g\u00e9n\u00e9tique au cancer du sein et de l\u2019ovaire, en anglais, version de septembre 2021)<\/p>\n","protected":false},"author":4,"featured_media":0,"parent":783,"menu_order":109,"comment_status":"closed","ping_status":"closed","template":"","meta":{"_acf_changed":false,"footnotes":""},"class_list":["post-790","page","type-page","status-publish","hentry"],"acf":[],"_links":{"self":[{"href":"https:\/\/www.senologie.ch\/fr\/wp-json\/wp\/v2\/pages\/790","targetHints":{"allow":["GET"]}}],"collection":[{"href":"https:\/\/www.senologie.ch\/fr\/wp-json\/wp\/v2\/pages"}],"about":[{"href":"https:\/\/www.senologie.ch\/fr\/wp-json\/wp\/v2\/types\/page"}],"author":[{"embeddable":true,"href":"https:\/\/www.senologie.ch\/fr\/wp-json\/wp\/v2\/users\/4"}],"replies":[{"embeddable":true,"href":"https:\/\/www.senologie.ch\/fr\/wp-json\/wp\/v2\/comments?post=790"}],"version-history":[{"count":19,"href":"https:\/\/www.senologie.ch\/fr\/wp-json\/wp\/v2\/pages\/790\/revisions"}],"predecessor-version":[{"id":9985,"href":"https:\/\/www.senologie.ch\/fr\/wp-json\/wp\/v2\/pages\/790\/revisions\/9985"}],"up":[{"embeddable":true,"href":"https:\/\/www.senologie.ch\/fr\/wp-json\/wp\/v2\/pages\/783"}],"wp:attachment":[{"href":"https:\/\/www.senologie.ch\/fr\/wp-json\/wp\/v2\/media?parent=790"}],"curies":[{"name":"wp","href":"https:\/\/api.w.org\/{rel}","templated":true}]}}