{"id":788,"date":"2019-04-24T10:21:28","date_gmt":"2019-04-24T08:21:28","guid":{"rendered":"http:\/\/192.168.168.69\/senologie\/info-du-sein\/opas\/"},"modified":"2021-06-08T17:10:32","modified_gmt":"2021-06-08T15:10:32","slug":"opas","status":"publish","type":"page","link":"https:\/\/www.senologie.ch\/fr\/info-du-sein\/opas\/","title":{"rendered":"OPAS"},"content":{"rendered":"\t\t<div data-elementor-type=\"wp-post\" data-elementor-id=\"788\" class=\"elementor elementor-788 elementor-336\" data-elementor-post-type=\"page\">\n\t\t\t\t\t\t<section class=\"elementor-section elementor-top-section elementor-element elementor-element-6038ec2 elementor-section-boxed elementor-section-height-default elementor-section-height-default\" data-id=\"6038ec2\" data-element_type=\"section\">\n\t\t\t\t\t\t<div class=\"elementor-container elementor-column-gap-default\">\n\t\t\t\t\t<div class=\"elementor-column elementor-col-100 elementor-top-column elementor-element elementor-element-bc62dcb\" data-id=\"bc62dcb\" data-element_type=\"column\">\n\t\t\t<div class=\"elementor-widget-wrap elementor-element-populated\">\n\t\t\t\t\t\t<div class=\"elementor-element elementor-element-9a0b1c8 elementor-widget elementor-widget-heading\" data-id=\"9a0b1c8\" data-element_type=\"widget\" data-widget_type=\"heading.default\">\n\t\t\t\t<div class=\"elementor-widget-container\">\n\t\t\t\t\t<h1 class=\"elementor-heading-title elementor-size-default\">OPAS<\/h1>\t\t\t\t<\/div>\n\t\t\t\t<\/div>\n\t\t\t\t\t<\/div>\n\t\t<\/div>\n\t\t\t\t\t<\/div>\n\t\t<\/section>\n\t\t\t\t<section class=\"elementor-section elementor-top-section elementor-element elementor-element-9f160c0 elementor-section-boxed elementor-section-height-default elementor-section-height-default\" data-id=\"9f160c0\" data-element_type=\"section\">\n\t\t\t\t\t\t<div class=\"elementor-container elementor-column-gap-default\">\n\t\t\t\t\t<div class=\"elementor-column elementor-col-100 elementor-top-column elementor-element elementor-element-8cf2041\" data-id=\"8cf2041\" data-element_type=\"column\">\n\t\t\t<div class=\"elementor-widget-wrap elementor-element-populated\">\n\t\t\t\t\t\t<div class=\"elementor-element elementor-element-d664eb8 elementor-widget elementor-widget-heading\" data-id=\"d664eb8\" data-element_type=\"widget\" data-widget_type=\"heading.default\">\n\t\t\t\t<div class=\"elementor-widget-container\">\n\t\t\t\t\t<h2 class=\"elementor-heading-title elementor-size-default\">Informations<\/h2>\t\t\t\t<\/div>\n\t\t\t\t<\/div>\n\t\t\t\t<div class=\"elementor-element elementor-element-73aee32 elementor-widget elementor-widget-text-editor\" data-id=\"73aee32\" data-element_type=\"widget\" data-widget_type=\"text-editor.default\">\n\t\t\t\t<div class=\"elementor-widget-container\">\n\t\t\t\t\t\t\t\t\t<ul><li><a href=\"https:\/\/www.admin.ch\/opc\/fr\/classified-compilation\/19950275\/index.html\" target=\"_blank\" rel=\"noopener noreferrer\">Ordonnance du DFI sur les prestations dans l\u2019assurance obligatoire des soins en cas de maladie<\/a><\/li><li><a href=\"https:\/\/www.senologie.ch\/wp-content\/uploads\/2021\/06\/KLV_Aenderungen_Erlaeuterungen_KLV_f.Publikation_FR.pdf\" target=\"_blank\" rel=\"noopener\">OFSP OPAS 2021<\/a><\/li><li><a href=\"https:\/\/www.bag.admin.ch\/dam\/bag\/fr\/dokumente\/kuv-leistungen\/referenzdokumente-klv\/art.12d-abs.1-bst.d-digitale-mammografie-mamma-mri-referenzdokument-ueberwachungsprotokoll-stand-02.2015.pdf.download.pdf\/Art.%2012d%20al.%201%20let.%20d%20Mammographie%20digitale,%20IRM%20du%20sein,%20Document%20de%20r%C3%A9f%C3%A9rence%20Sch%C3%A9ma%20de%20surveillance%20(%C3%A9tat%2002.2015).pdf\" target=\"_blank\" rel=\"noopener noreferrer\">Art.12 Document de r\u00e9f\u00e9rence \u00ab Sch\u00e9ma de surveillance \u00bb<\/a> \u2192 <a href=\"https:\/\/www.senologie.ch\/wp-content\/uploads\/2021\/06\/Art_12d_d_U\u0308berwachungsprotokoll_01_2021_FR_fin.pdf\" target=\"_blank\" rel=\"noopener\">Nouveau document de r\u00e9f\u00e9rence &#8211; high risk screening<\/a><\/li><li><a href=\"https:\/\/www.bag.admin.ch\/dam\/bag\/fr\/dokumente\/kuv-leistungen\/referenzdokumente-klv\/art.12d-abs.1-bst.d-digitale-mammografie-mamma-mri-referenzdokument-risikoabschaetzung-Stand-02.2015.pdf.download.pdf\/Art.%2012d%20al.%201%20let.%20d%20Mammographie%20digitale,%20IRM%20du%20sein,%20Document%20de%20r%C3%A9f%C3%A9rence%20Evaluation%20du%20risque%20(%C3%A9tat%2002.2015).pdf\" target=\"_blank\" rel=\"noopener noreferrer\">Art.12 Document de r\u00e9f\u00e9rence \u00ab \u00c9valuations du risque \u00bb<\/a><\/li><li><a href=\"https:\/\/ccge.medschl.cam.ac.uk\/boadicea\/boadicea-web-application\/\" target=\"_blank\" rel=\"noopener\">BOADICEA Web Application<\/a><\/li><li><a href=\"https:\/\/www.senologie.ch\/wp-content\/uploads\/2019\/04\/Anpassung_Artikel_12.pdf\" target=\"_blank\" rel=\"noopener noreferrer\">Modification de l\u2019art. 12d, al. 1, let. d, ch. 2 (en allemand seulement)<\/a><\/li><\/ul>\t\t\t\t\t\t\t\t<\/div>\n\t\t\t\t<\/div>\n\t\t\t\t\t<\/div>\n\t\t<\/div>\n\t\t\t\t\t<\/div>\n\t\t<\/section>\n\t\t\t\t<\/div>\n\t\t","protected":false},"excerpt":{"rendered":"<p>Informations Ordonnance du DFI sur les prestations dans l\u2019assurance obligatoire des soins en cas de maladie OFSP OPAS 2021 Art.12 Document de r\u00e9f\u00e9rence \u00ab Sch\u00e9ma de surveillance \u00bb \u2192 Nouveau document de r\u00e9f\u00e9rence &#8211; high risk screening Art.12 Document de r\u00e9f\u00e9rence \u00ab \u00c9valuations du risque \u00bb BOADICEA Web Application Modification de l\u2019art. 12d, al. 1, [&hellip;]<\/p>\n","protected":false},"author":4,"featured_media":0,"parent":783,"menu_order":104,"comment_status":"closed","ping_status":"closed","template":"","meta":{"_acf_changed":false,"footnotes":""},"class_list":["post-788","page","type-page","status-publish","hentry"],"acf":[],"_links":{"self":[{"href":"https:\/\/www.senologie.ch\/fr\/wp-json\/wp\/v2\/pages\/788","targetHints":{"allow":["GET"]}}],"collection":[{"href":"https:\/\/www.senologie.ch\/fr\/wp-json\/wp\/v2\/pages"}],"about":[{"href":"https:\/\/www.senologie.ch\/fr\/wp-json\/wp\/v2\/types\/page"}],"author":[{"embeddable":true,"href":"https:\/\/www.senologie.ch\/fr\/wp-json\/wp\/v2\/users\/4"}],"replies":[{"embeddable":true,"href":"https:\/\/www.senologie.ch\/fr\/wp-json\/wp\/v2\/comments?post=788"}],"version-history":[{"count":19,"href":"https:\/\/www.senologie.ch\/fr\/wp-json\/wp\/v2\/pages\/788\/revisions"}],"predecessor-version":[{"id":5467,"href":"https:\/\/www.senologie.ch\/fr\/wp-json\/wp\/v2\/pages\/788\/revisions\/5467"}],"up":[{"embeddable":true,"href":"https:\/\/www.senologie.ch\/fr\/wp-json\/wp\/v2\/pages\/783"}],"wp:attachment":[{"href":"https:\/\/www.senologie.ch\/fr\/wp-json\/wp\/v2\/media?parent=788"}],"curies":[{"name":"wp","href":"https:\/\/api.w.org\/{rel}","templated":true}]}}