{"id":772,"date":"2019-04-24T10:10:14","date_gmt":"2019-04-24T08:10:14","guid":{"rendered":"http:\/\/192.168.168.69\/senologie\/service\/swissmedic\/"},"modified":"2019-09-04T15:38:09","modified_gmt":"2019-09-04T13:38:09","slug":"swissmedic","status":"publish","type":"page","link":"https:\/\/www.senologie.ch\/fr\/services\/swissmedic\/","title":{"rendered":"Swissmedic"},"content":{"rendered":"\t\t<div data-elementor-type=\"wp-post\" data-elementor-id=\"772\" class=\"elementor elementor-772 elementor-342\" data-elementor-post-type=\"page\">\n\t\t\t\t\t\t<section class=\"elementor-section elementor-top-section elementor-element elementor-element-68c747e elementor-section-boxed elementor-section-height-default elementor-section-height-default\" data-id=\"68c747e\" data-element_type=\"section\">\n\t\t\t\t\t\t<div class=\"elementor-container elementor-column-gap-default\">\n\t\t\t\t\t<div class=\"elementor-column elementor-col-100 elementor-top-column elementor-element elementor-element-756298c\" data-id=\"756298c\" data-element_type=\"column\">\n\t\t\t<div class=\"elementor-widget-wrap elementor-element-populated\">\n\t\t\t\t\t\t<div class=\"elementor-element elementor-element-73a15cd elementor-widget elementor-widget-heading\" data-id=\"73a15cd\" data-element_type=\"widget\" data-widget_type=\"heading.default\">\n\t\t\t\t<div class=\"elementor-widget-container\">\n\t\t\t\t\t<h1 class=\"elementor-heading-title elementor-size-default\">Swissmedic<\/h1>\t\t\t\t<\/div>\n\t\t\t\t<\/div>\n\t\t\t\t\t<\/div>\n\t\t<\/div>\n\t\t\t\t\t<\/div>\n\t\t<\/section>\n\t\t\t\t<section class=\"elementor-section elementor-top-section elementor-element elementor-element-6ee76f6 elementor-section-boxed elementor-section-height-default elementor-section-height-default\" data-id=\"6ee76f6\" data-element_type=\"section\">\n\t\t\t\t\t\t<div class=\"elementor-container elementor-column-gap-default\">\n\t\t\t\t\t<div class=\"elementor-column elementor-col-100 elementor-top-column elementor-element elementor-element-c07ea36\" data-id=\"c07ea36\" data-element_type=\"column\">\n\t\t\t<div class=\"elementor-widget-wrap elementor-element-populated\">\n\t\t\t\t\t\t<div class=\"elementor-element elementor-element-1634bf7 elementor-widget elementor-widget-heading\" data-id=\"1634bf7\" data-element_type=\"widget\" data-widget_type=\"heading.default\">\n\t\t\t\t<div class=\"elementor-widget-container\">\n\t\t\t\t\t<h2 class=\"elementor-heading-title elementor-size-default\">Informations<\/h2>\t\t\t\t<\/div>\n\t\t\t\t<\/div>\n\t\t\t\t<div class=\"elementor-element elementor-element-860b83b elementor-widget elementor-widget-text-editor\" data-id=\"860b83b\" data-element_type=\"widget\" data-widget_type=\"text-editor.default\">\n\t\t\t\t<div class=\"elementor-widget-container\">\n\t\t\t\t\t\t\t\t\t<ul><li><a href=\"https:\/\/www.swissmedic.ch\/dam\/swissmedic\/fr\/dokumente\/medizinprodukte\/infos\/information_zu_macrolaneundzurbewerbungvonmedizinprodukten.pdf.download.pdf\/informations_relativesaumacrolaneetalapublicitepourlesdispositif.pdf\" target=\"_blank\" rel=\"noopener\">Informations relatives au Macrolane et \u00e0 la publicit\u00e9 pour les dispositifs m\u00e9dicaux<\/a><\/li><\/ul>\t\t\t\t\t\t\t\t<\/div>\n\t\t\t\t<\/div>\n\t\t\t\t\t<\/div>\n\t\t<\/div>\n\t\t\t\t\t<\/div>\n\t\t<\/section>\n\t\t\t\t<\/div>\n\t\t","protected":false},"excerpt":{"rendered":"<p>Informations Informations relatives au Macrolane et \u00e0 la publicit\u00e9 pour les dispositifs m\u00e9dicaux<\/p>\n","protected":false},"author":4,"featured_media":0,"parent":765,"menu_order":118,"comment_status":"closed","ping_status":"closed","template":"","meta":{"_acf_changed":false,"footnotes":""},"class_list":["post-772","page","type-page","status-publish","hentry"],"acf":[],"_links":{"self":[{"href":"https:\/\/www.senologie.ch\/fr\/wp-json\/wp\/v2\/pages\/772","targetHints":{"allow":["GET"]}}],"collection":[{"href":"https:\/\/www.senologie.ch\/fr\/wp-json\/wp\/v2\/pages"}],"about":[{"href":"https:\/\/www.senologie.ch\/fr\/wp-json\/wp\/v2\/types\/page"}],"author":[{"embeddable":true,"href":"https:\/\/www.senologie.ch\/fr\/wp-json\/wp\/v2\/users\/4"}],"replies":[{"embeddable":true,"href":"https:\/\/www.senologie.ch\/fr\/wp-json\/wp\/v2\/comments?post=772"}],"version-history":[{"count":4,"href":"https:\/\/www.senologie.ch\/fr\/wp-json\/wp\/v2\/pages\/772\/revisions"}],"predecessor-version":[{"id":2823,"href":"https:\/\/www.senologie.ch\/fr\/wp-json\/wp\/v2\/pages\/772\/revisions\/2823"}],"up":[{"embeddable":true,"href":"https:\/\/www.senologie.ch\/fr\/wp-json\/wp\/v2\/pages\/765"}],"wp:attachment":[{"href":"https:\/\/www.senologie.ch\/fr\/wp-json\/wp\/v2\/media?parent=772"}],"curies":[{"name":"wp","href":"https:\/\/api.w.org\/{rel}","templated":true}]}}