{"id":2292,"date":"2019-07-04T14:41:50","date_gmt":"2019-07-04T12:41:50","guid":{"rendered":"https:\/\/www.senologie.ch\/membres\/les-forums-laax-ibus\/ibus-04-rueckblick\/"},"modified":"2019-07-04T14:41:53","modified_gmt":"2019-07-04T12:41:53","slug":"ibus-04-rueckblick","status":"publish","type":"page","link":"https:\/\/www.senologie.ch\/fr\/membres\/les-forums-laax-ibus\/ibus-04-rueckblick\/","title":{"rendered":"IBUS 04 R\u00fcckblick"},"content":{"rendered":"\t\t<div data-elementor-type=\"wp-post\" data-elementor-id=\"2292\" class=\"elementor elementor-2292 elementor-1105\" data-elementor-post-type=\"page\">\n\t\t\t\t\t\t<section class=\"elementor-section elementor-top-section elementor-element elementor-element-fa51631 elementor-section-boxed elementor-section-height-default elementor-section-height-default\" data-id=\"fa51631\" data-element_type=\"section\">\n\t\t\t\t\t\t<div class=\"elementor-container elementor-column-gap-default\">\n\t\t\t\t\t<div class=\"elementor-column elementor-col-100 elementor-top-column elementor-element elementor-element-a067607\" data-id=\"a067607\" data-element_type=\"column\">\n\t\t\t<div class=\"elementor-widget-wrap elementor-element-populated\">\n\t\t\t\t\t\t<div class=\"elementor-element elementor-element-172bfbd elementor-widget elementor-widget-heading\" data-id=\"172bfbd\" data-element_type=\"widget\" data-widget_type=\"heading.default\">\n\t\t\t\t<div class=\"elementor-widget-container\">\n\t\t\t\t\t<h2 class=\"elementor-heading-title elementor-size-default\">IBUS 04 R\u00fcckblick<\/h2>\t\t\t\t<\/div>\n\t\t\t\t<\/div>\n\t\t\t\t\t<\/div>\n\t\t<\/div>\n\t\t\t\t\t<\/div>\n\t\t<\/section>\n\t\t\t\t<section class=\"elementor-section elementor-top-section elementor-element elementor-element-84b10b6 elementor-section-boxed elementor-section-height-default elementor-section-height-default\" data-id=\"84b10b6\" data-element_type=\"section\">\n\t\t\t\t\t\t<div class=\"elementor-container elementor-column-gap-default\">\n\t\t\t\t\t<div class=\"elementor-column elementor-col-100 elementor-top-column elementor-element elementor-element-af1c650\" data-id=\"af1c650\" data-element_type=\"column\">\n\t\t\t<div class=\"elementor-widget-wrap elementor-element-populated\">\n\t\t\t\t\t\t<div class=\"elementor-element elementor-element-512a903 elementor-widget elementor-widget-text-editor\" data-id=\"512a903\" data-element_type=\"widget\" data-widget_type=\"text-editor.default\">\n\t\t\t\t<div class=\"elementor-widget-container\">\n\t\t\t\t\t\t\t\t\t<p><img decoding=\"async\" class=\"alignnone size-full wp-image-1108\" src=\"https:\/\/www.senologie.ch\/wp-content\/uploads\/2019\/04\/sgum_logo.gif\" alt=\"\" width=\"143\" height=\"108\"><\/p>\n<p>Die Schweizerische Gesellschaft f\u00fcr Senologie und die Sektion Mammasonografie der <a href=\"http:\/\/www.sgum.ch\/\" target=\"_blank\" rel=\"noopener noreferrer\">Schweizerischen Gesellschaft f\u00fcr Ultraschall in der Medizin<\/a> organisieren ein Seminar f\u00fcr<\/p>\n<h2>Fortgeschrittene Mammadiagnostik<br \/>6. \/ 7. Februar 2004<\/h2>\n<p><strong>Casino Lakeside Z\u00fcrichhorn<br \/>Bellerivestr. 170, 8008 CH-Z\u00fcrich<\/strong><\/p>\n<p>Nationale und internationale Experten geben einen Update \u00fcber die neuesten diagnostischen Erkenntnisse und Hilfsmittel.<\/p>\n<table border=\"0\" cellspacing=\"1\" cellpadding=\"3\">\n<tbody>\n<tr class=\"tr1\">\n<td>Freitag<\/td>\n<td>1<\/td>\n<td>Begr\u00fcssung und Einf\u00fchrung<\/td>\n<td>K. Biedermann und C. Rageth<\/td>\n<td>09:15<\/td>\n<td>00:10<\/td>\n<\/tr>\n<tr>\n<td>Freitag<\/td>\n<td>2<\/td>\n<td>VacuFlash<\/td>\n<td>C. Rageth<\/td>\n<td>09:25<\/td>\n<td>00:20<\/td>\n<\/tr>\n<tr class=\"tr1\">\n<td>Freitag<\/td>\n<td>3<\/td>\n<td>Live-Demo\/Video: VacuFlash &#8211; Pat. 3320 mit Aloka<\/td>\n<td>C. Rageth<\/td>\n<td>09:45<\/td>\n<td>00:10<\/td>\n<\/tr>\n<tr>\n<td>Freitag<\/td>\n<td>4<\/td>\n<td>Systematik, BIRADS<\/td>\n<td>R. Otto<\/td>\n<td>09:55<\/td>\n<td>00:20<\/td>\n<\/tr>\n<tr class=\"tr1\">\n<td>Freitag<\/td>\n<td>5<\/td>\n<td>Systematik: US-Technik<\/td>\n<td>C. Weismann, A<\/td>\n<td>10:15<\/td>\n<td>00:15<\/td>\n<\/tr>\n<tr>\n<td>Freitag<\/td>\n<td>6<\/td>\n<td>Live-Demo\/Video: Untersuchungsgang I &#8211; Pat. 1639 mit ESAOTE<\/td>\n<td>C. Weismann, A<\/td>\n<td>10:30<\/td>\n<td>00:15<\/td>\n<\/tr>\n<tr class=\"tr1\">\n<td>Freitag<\/td>\n<td>7<\/td>\n<td>US-Ger\u00e4te: Aloka<\/td>\n<td>K. Biedermann<\/td>\n<td>10:45<\/td>\n<td>00:10<\/td>\n<\/tr>\n<tr>\n<td>Freitag<\/td>\n<td>8<\/td>\n<td>US-Ger\u00e4te: ESAOTE<\/td>\n<td>K. Biedermann<\/td>\n<td>10:55<\/td>\n<td>00:10<\/td>\n<\/tr>\n<tr class=\"tr1\">\n<td>Freitag<\/td>\n<td>9<\/td>\n<td>US-Ger\u00e4te: GE \/ Kretz<\/td>\n<td>K. Biedermann<\/td>\n<td>11:05<\/td>\n<td>00:10<\/td>\n<\/tr>\n<tr>\n<td>Freitag<\/td>\n<td>10<\/td>\n<td>TARMED Tarif- und Ausbildungsfragen<\/td>\n<td>K. Biedermann<\/td>\n<td>11:15<\/td>\n<td>00:20<\/td>\n<\/tr>\n<tr class=\"tr1\">\n<td>Freitag<\/td>\n<td>11<\/td>\n<td>Pause<\/td>\n<td> <\/td>\n<td>11:35<\/td>\n<td>00:30<\/td>\n<\/tr>\n<tr>\n<td>Freitag<\/td>\n<td>12<\/td>\n<td>US-Screening: warum nicht?<\/td>\n<td>C. Weismann, A<\/td>\n<td>12:05<\/td>\n<td>00:10<\/td>\n<\/tr>\n<tr class=\"tr1\">\n<td>Freitag<\/td>\n<td>13<\/td>\n<td>Interpretation einer Mammografie &#8211; BIRADS, Systematik<\/td>\n<td>E. Garzoli<\/td>\n<td>12:15<\/td>\n<td>00:20<\/td>\n<\/tr>\n<tr>\n<td>Freitag<\/td>\n<td>14<\/td>\n<td>MRI<\/td>\n<td>E. Garzoli<\/td>\n<td>12:35<\/td>\n<td>00:15<\/td>\n<\/tr>\n<tr class=\"tr1\">\n<td>Freitag<\/td>\n<td>15<\/td>\n<td>Mittagessen<\/td>\n<td> <\/td>\n<td>12:50<\/td>\n<td>01:15<\/td>\n<\/tr>\n<tr>\n<td>Freitag<\/td>\n<td>16<\/td>\n<td>Feinnadelpunktion<\/td>\n<td>R. Otto<\/td>\n<td>14:05<\/td>\n<td>00:15<\/td>\n<\/tr>\n<tr class=\"tr1\">\n<td>Freitag<\/td>\n<td>17<\/td>\n<td>Live-Demo\/Video: Untersuchungsgang II mit GE\/Kretz<\/td>\n<td>R. Otto<\/td>\n<td>14:20<\/td>\n<td>00:10<\/td>\n<\/tr>\n<tr>\n<td>Freitag<\/td>\n<td>18<\/td>\n<td>Live-Demo\/Video: FNP &#8211; Pat. 1122 mit Hitachi<\/td>\n<td>R. Otto<\/td>\n<td>14:30<\/td>\n<td>00:10<\/td>\n<\/tr>\n<tr class=\"tr1\">\n<td>Freitag<\/td>\n<td>19<\/td>\n<td>Optimale FNP-Materialentnahme<\/td>\n<td>B. Bode<\/td>\n<td>14:40<\/td>\n<td>00:15<\/td>\n<\/tr>\n<tr>\n<td>Freitag<\/td>\n<td>20<\/td>\n<td>Corebiopsie<\/td>\n<td>E. Saurenmann<\/td>\n<td>14:55<\/td>\n<td>00:10<\/td>\n<\/tr>\n<tr class=\"tr1\">\n<td>Freitag<\/td>\n<td>21a<\/td>\n<td>Live-Demo\/Video: Corebiopsie &#8211; Pat 6344 mit Philips<\/td>\n<td>E. Saurenmann<\/td>\n<td>15:05<\/td>\n<td>00:10<\/td>\n<\/tr>\n<tr>\n<td>Freitag<\/td>\n<td>21b<\/td>\n<td>Live-Demo\/Video: Mammotome &#8211; Pat 6141 mit Siemens<\/td>\n<td>C. Rageth<\/td>\n<td>15:15<\/td>\n<td>00:20<\/td>\n<\/tr>\n<tr class=\"tr1\">\n<td>Freitag<\/td>\n<td>22<\/td>\n<td>Gewebealterationen durch FNP \/ Core \/ Vacuum-Biopsie<\/td>\n<td>R. Caduff<\/td>\n<td>15:35<\/td>\n<td>00:10<\/td>\n<\/tr>\n<tr>\n<td>Freitag<\/td>\n<td>23<\/td>\n<td>EUSOMA Statements<\/td>\n<td>C. Rageth<\/td>\n<td>15:45<\/td>\n<td>00:15<\/td>\n<\/tr>\n<tr class=\"tr1\">\n<td>Freitag<\/td>\n<td>24<\/td>\n<td>quality improvement in the UK programme<\/td>\n<td>A. Evans, GB<\/td>\n<td>16:00<\/td>\n<td>00:30<\/td>\n<\/tr>\n<tr>\n<td>Freitag<\/td>\n<td>25<\/td>\n<td>Pause<\/td>\n<td> <\/td>\n<td>16:30<\/td>\n<td>00:30<\/td>\n<\/tr>\n<tr class=\"tr1\">\n<td>Freitag<\/td>\n<td>26<\/td>\n<td>Screening<\/td>\n<td>B. Borisch<\/td>\n<td>17:00<\/td>\n<td>00:15<\/td>\n<\/tr>\n<tr>\n<td>Freitag<\/td>\n<td>27<\/td>\n<td>Praktische Probleme beim Screening<\/td>\n<td>D. Fournier<\/td>\n<td>17:15<\/td>\n<td>00:10<\/td>\n<\/tr>\n<tr class=\"tr1\">\n<td>Freitag<\/td>\n<td>28<\/td>\n<td>politische Aspekte\/EUROPA DONNA<\/td>\n<td>B. Borisch<\/td>\n<td>17:25<\/td>\n<td>00:10<\/td>\n<\/tr>\n<tr>\n<td>Freitag<\/td>\n<td>29<\/td>\n<td>Fortgeschrittene US-Diagnostik inkl. Doppler und Kontrastmittel<\/td>\n<td>C. Weismann, A und G. Robotti<\/td>\n<td>17:35<\/td>\n<td>00:30<\/td>\n<\/tr>\n<tr class=\"tr1\">\n<td>Freitag<\/td>\n<td>30<\/td>\n<td>Gruppenweise unter Anleitung: Punktionstechniken an Phantomen, Fallbeispiele<\/td>\n<td>C. Hofmann, A. Evans, C. Weismann, R. Otto, R. Zanetti, K. Biedermann, E. Garzoli, L. Steyaert, M. Fehr, E. Saurenmann, G. Robotti<\/td>\n<td>18:05<\/td>\n<td>00:40<\/td>\n<\/tr>\n<tr>\n<td>Freitag<\/td>\n<td> <\/td>\n<td>Ap\u00e9ritiv und gemeinsames Abendessen<\/td>\n<td> <\/td>\n<td>18:45<\/td>\n<td> <\/td>\n<\/tr>\n<tr class=\"tr1\">\n<td> <\/td>\n<td> <\/td>\n<td> <\/td>\n<td> <\/td>\n<td> <\/td>\n<td> <\/td>\n<\/tr>\n<tr>\n<td>Samstag<\/td>\n<td>31<\/td>\n<td>F\u00e4lle durch Kursteilnehmer pr\u00e4sentiert<\/td>\n<td>Evans, Otto, Garzoli, Biedermann, Rageth, Wyss, Vorsitz: R. Steiner<\/td>\n<td>08:30<\/td>\n<td>00:30<\/td>\n<\/tr>\n<tr class=\"tr1\">\n<td>Samstag<\/td>\n<td>32<\/td>\n<td>Microcalcifications &#8211; theoretical considerations<\/td>\n<td>A. Evans, GB<\/td>\n<td>09:00<\/td>\n<td>00:20<\/td>\n<\/tr>\n<tr>\n<td>Samstag<\/td>\n<td>33<\/td>\n<td>Microcalcifications &#8211; practical aspects<\/td>\n<td>D. Lepori and D. Fournier<\/td>\n<td>09:20<\/td>\n<td>00:20<\/td>\n<\/tr>\n<tr class=\"tr1\">\n<td>Samstag<\/td>\n<td>34<\/td>\n<td>Minimal-invasive Diagnostik in der Schweiz. Gegenwart und Zukunft<\/td>\n<td>R. Brun del Re<\/td>\n<td>09:40<\/td>\n<td>00:20<\/td>\n<\/tr>\n<tr>\n<td>Samstag<\/td>\n<td>35<\/td>\n<td>Mammotom hand held I<\/td>\n<td>R. Zanetti<\/td>\n<td>10:00<\/td>\n<td>00:10<\/td>\n<\/tr>\n<tr class=\"tr1\">\n<td>Samstag<\/td>\n<td>36<\/td>\n<td>Mammotom II<\/td>\n<td>L. Steyaert, B<\/td>\n<td>10:10<\/td>\n<td>00:30<\/td>\n<\/tr>\n<tr>\n<td>Samstag<\/td>\n<td>37<\/td>\n<td>Pause<\/td>\n<td> <\/td>\n<td>10:40<\/td>\n<td>00:30<\/td>\n<\/tr>\n<tr class=\"tr1\">\n<td>Samstag<\/td>\n<td>38<\/td>\n<td>US core biopsy of the axilla in breast cancer patients<\/td>\n<td>A. Evans, GB<\/td>\n<td>11:10<\/td>\n<td>00:10<\/td>\n<\/tr>\n<tr>\n<td>Samstag<\/td>\n<td>39<\/td>\n<td>Live-Demo: Mammotom &#8211; Pat. 6162 &#8211; mit Toshiba<\/td>\n<td>C. Rageth<\/td>\n<td>11:20<\/td>\n<td>00:25<\/td>\n<\/tr>\n<tr class=\"tr1\">\n<td>Samstag<\/td>\n<td>40<\/td>\n<td>US-Ger\u00e4te: Hitachi<\/td>\n<td>K. Biedermann<\/td>\n<td>11:45<\/td>\n<td>00:10<\/td>\n<\/tr>\n<tr>\n<td>Samstag<\/td>\n<td>41<\/td>\n<td>US-Ger\u00e4te: Philips<\/td>\n<td>K. Biedermann<\/td>\n<td>11:55<\/td>\n<td>00:10<\/td>\n<\/tr>\n<tr class=\"tr1\">\n<td>Samstag<\/td>\n<td>42<\/td>\n<td>US-Ger\u00e4te: Siemens<\/td>\n<td>K. Biedermann<\/td>\n<td>12:05<\/td>\n<td>00:10<\/td>\n<\/tr>\n<tr>\n<td>Samstag<\/td>\n<td>43<\/td>\n<td>US-Ger\u00e4te: Toshiba<\/td>\n<td>K. Biedermann<\/td>\n<td>12:15<\/td>\n<td>00:10<\/td>\n<\/tr>\n<tr class=\"tr1\">\n<td>Samstag<\/td>\n<td>44<\/td>\n<td>UK guidelines on the use of the mammotome<\/td>\n<td>A. Evans, GB<\/td>\n<td>12:25<\/td>\n<td>00:15<\/td>\n<\/tr>\n<tr>\n<td>Samstag<\/td>\n<td>45<\/td>\n<td>Mittagessen<\/td>\n<td> <\/td>\n<td>12:40<\/td>\n<td>01:00<\/td>\n<\/tr>\n<tr class=\"tr1\">\n<td>Samstag<\/td>\n<td>46<\/td>\n<td>Video: Stereotaxie<\/td>\n<td>M. Fehr<\/td>\n<td>13:40<\/td>\n<td>00:15<\/td>\n<\/tr>\n<tr>\n<td>Samstag<\/td>\n<td>47<\/td>\n<td>Guides und Marker<\/td>\n<td>M. Fehr<\/td>\n<td>13:55<\/td>\n<td>00:20<\/td>\n<\/tr>\n<tr class=\"tr1\">\n<td>Samstag<\/td>\n<td>48<\/td>\n<td>Digitale Mammografie<\/td>\n<td>R. Otto<\/td>\n<td>14:15<\/td>\n<td>00:10<\/td>\n<\/tr>\n<tr>\n<td>Samstag<\/td>\n<td>49<\/td>\n<td>PET-CT<\/td>\n<td>G. G\u00f6rres<\/td>\n<td>14:25<\/td>\n<td>00:10<\/td>\n<\/tr>\n<tr class=\"tr1\">\n<td>Samstag<\/td>\n<td>50<\/td>\n<td>F\u00e4lle durch Referenten pr\u00e4sentiert (teaching cases)<\/td>\n<td>Evans, Otto, Garzoli, Biedermann, Rageth, Wyss, Vorsitz: R. Steiner<\/td>\n<td>14:35<\/td>\n<td>00:30<\/td>\n<\/tr>\n<tr>\n<td>Samstag<\/td>\n<td>51<\/td>\n<td>Fehler vermeiden<\/td>\n<td>C. Rageth<\/td>\n<td>15:05<\/td>\n<td>00:10<\/td>\n<\/tr>\n<tr class=\"tr1\">\n<td>Samstag<\/td>\n<td>52<\/td>\n<td>Gruppenweise unter Anleitung: Punktionstechniken an Phantomen, Fallbeispiele<\/td>\n<td>C. Hofmann, A. Evans, R. Otto, R. Zanetti, K. Biedermann, E. Garzoli, L. Steyaert, M. Fehr, E. Saurenmann, G. Robotti<\/td>\n<td>15:15<\/td>\n<td>00:45<\/td>\n<\/tr>\n<tr>\n<td>Samstag<\/td>\n<td> <\/td>\n<td>Ende<\/td>\n<td> <\/td>\n<td>16:00<\/td>\n<td> <\/td>\n<\/tr>\n<\/tbody>\n<\/table>\n<p><strong><br \/>Fortbildungspunkte<br \/><\/strong>Die <strong>Schweizerische Gesellschaft f\u00fcr Radiologie <\/strong>anerkennt diese Fortbildung mit <strong>16 Punkten Kategorie 1<\/strong>.<br \/>die <strong>Akademie der SGGG <\/strong>anerkennt die Fortbildung mit <strong>15 Punkten Kernfortbildung.<\/strong><\/p>\n<p><strong>Organisationskomitee<\/strong> <br \/>K. Biedermann, Chur, D. Fournier, Sion, E. Garzoli, Z\u00fcrich, R. Otto, Baden, C. Rageth, Z\u00fcrich, G. Robotti, Lugano, P. Wyss, Z\u00fcrich<\/p>\n<p><strong>Teilnahmegeb\u00fchren<br \/>Fr\u00fchregistrierung:<\/strong><\/p>\n<p><strong>Gesellschaftsabend am 6. Februar:<\/strong> CHF 60.-<\/p>\n\t\t\t\t\t\t\t\t<\/div>\n\t\t\t\t<\/div>\n\t\t\t\t\t<\/div>\n\t\t<\/div>\n\t\t\t\t\t<\/div>\n\t\t<\/section>\n\t\t\t\t<\/div>\n\t\t","protected":false},"excerpt":{"rendered":"<p>IBUS 04 R\u00fcckblick Die Schweizerische Gesellschaft f\u00fcr Senologie und die Sektion Mammasonografie der Schweizerischen Gesellschaft f\u00fcr Ultraschall in der Medizin organisieren ein Seminar f\u00fcr Fortgeschrittene Mammadiagnostik6. \/ 7. Februar 2004 Casino Lakeside Z\u00fcrichhornBellerivestr. 170, 8008 CH-Z\u00fcrich Nationale und internationale Experten geben einen Update \u00fcber die neuesten diagnostischen Erkenntnisse und Hilfsmittel. Freitag 1 Begr\u00fcssung und Einf\u00fchrung [&hellip;]<\/p>\n","protected":false},"author":4,"featured_media":0,"parent":1002,"menu_order":163,"comment_status":"closed","ping_status":"closed","template":"","meta":{"_acf_changed":false,"footnotes":""},"class_list":["post-2292","page","type-page","status-publish","hentry"],"acf":[],"_links":{"self":[{"href":"https:\/\/www.senologie.ch\/fr\/wp-json\/wp\/v2\/pages\/2292","targetHints":{"allow":["GET"]}}],"collection":[{"href":"https:\/\/www.senologie.ch\/fr\/wp-json\/wp\/v2\/pages"}],"about":[{"href":"https:\/\/www.senologie.ch\/fr\/wp-json\/wp\/v2\/types\/page"}],"author":[{"embeddable":true,"href":"https:\/\/www.senologie.ch\/fr\/wp-json\/wp\/v2\/users\/4"}],"replies":[{"embeddable":true,"href":"https:\/\/www.senologie.ch\/fr\/wp-json\/wp\/v2\/comments?post=2292"}],"version-history":[{"count":3,"href":"https:\/\/www.senologie.ch\/fr\/wp-json\/wp\/v2\/pages\/2292\/revisions"}],"predecessor-version":[{"id":2295,"href":"https:\/\/www.senologie.ch\/fr\/wp-json\/wp\/v2\/pages\/2292\/revisions\/2295"}],"up":[{"embeddable":true,"href":"https:\/\/www.senologie.ch\/fr\/wp-json\/wp\/v2\/pages\/1002"}],"wp:attachment":[{"href":"https:\/\/www.senologie.ch\/fr\/wp-json\/wp\/v2\/media?parent=2292"}],"curies":[{"name":"wp","href":"https:\/\/api.w.org\/{rel}","templated":true}]}}