{"id":11796,"date":"2025-08-06T08:46:47","date_gmt":"2025-08-06T06:46:47","guid":{"rendered":"https:\/\/www.senologie.ch\/agenda\/2026-2\/"},"modified":"2025-08-06T08:47:30","modified_gmt":"2025-08-06T06:47:30","slug":"annee-2026","status":"publish","type":"page","link":"https:\/\/www.senologie.ch\/fr\/agenda\/annee-2026\/","title":{"rendered":"2026"},"content":{"rendered":"\t\t<div data-elementor-type=\"wp-page\" data-elementor-id=\"11796\" class=\"elementor elementor-11796 elementor-11791\" data-elementor-post-type=\"page\">\n\t\t\t\t\t\t<section class=\"elementor-section elementor-top-section elementor-element elementor-element-006be44 elementor-section-boxed elementor-section-height-default elementor-section-height-default\" data-id=\"006be44\" data-element_type=\"section\">\n\t\t\t\t\t\t<div class=\"elementor-container elementor-column-gap-default\">\n\t\t\t\t\t<div class=\"elementor-column elementor-col-100 elementor-top-column elementor-element elementor-element-45e6d92\" data-id=\"45e6d92\" data-element_type=\"column\">\n\t\t\t<div class=\"elementor-widget-wrap elementor-element-populated\">\n\t\t\t\t\t\t<div class=\"elementor-element elementor-element-5b04fc3 elementor-widget elementor-widget-heading\" data-id=\"5b04fc3\" data-element_type=\"widget\" data-widget_type=\"heading.default\">\n\t\t\t\t<div class=\"elementor-widget-container\">\n\t\t\t\t\t<h1 class=\"elementor-heading-title elementor-size-default\">2026<\/h1>\t\t\t\t<\/div>\n\t\t\t\t<\/div>\n\t\t\t\t\t<\/div>\n\t\t<\/div>\n\t\t\t\t\t<\/div>\n\t\t<\/section>\n\t\t\t\t<section class=\"elementor-section elementor-top-section elementor-element elementor-element-396dcd8 elementor-section-boxed elementor-section-height-default elementor-section-height-default\" data-id=\"396dcd8\" data-element_type=\"section\">\n\t\t\t\t\t\t<div class=\"elementor-container elementor-column-gap-default\">\n\t\t\t\t\t<div class=\"elementor-column elementor-col-100 elementor-top-column elementor-element elementor-element-f45064d\" data-id=\"f45064d\" data-element_type=\"column\">\n\t\t\t<div class=\"elementor-widget-wrap elementor-element-populated\">\n\t\t\t\t\t\t<div class=\"elementor-element elementor-element-2f7115c elementor-grid-2 elementor-grid-tablet-1 elementor-grid-mobile-1 elementor-widget elementor-widget-loop-grid\" data-id=\"2f7115c\" data-element_type=\"widget\" data-settings=\"{&quot;template_id&quot;:10231,&quot;columns&quot;:2,&quot;row_gap&quot;:{&quot;unit&quot;:&quot;px&quot;,&quot;size&quot;:20,&quot;sizes&quot;:[]},&quot;columns_tablet&quot;:1,&quot;_skin&quot;:&quot;post&quot;,&quot;columns_mobile&quot;:&quot;1&quot;,&quot;edit_handle_selector&quot;:&quot;[data-elementor-type=\\&quot;loop-item\\&quot;]&quot;,&quot;row_gap_tablet&quot;:{&quot;unit&quot;:&quot;px&quot;,&quot;size&quot;:&quot;&quot;,&quot;sizes&quot;:[]},&quot;row_gap_mobile&quot;:{&quot;unit&quot;:&quot;px&quot;,&quot;size&quot;:&quot;&quot;,&quot;sizes&quot;:[]}}\" data-widget_type=\"loop-grid.post\">\n\t\t\t\t<div class=\"elementor-widget-container\">\n\t\t\t\t\t\t\t<div class=\"elementor-loop-container elementor-grid\" role=\"list\">\n\t\t<style id=\"loop-10231\">.elementor-10231 .elementor-element.elementor-element-3fd7e0b > .elementor-widget-wrap > .elementor-widget:not(.elementor-widget__width-auto):not(.elementor-widget__width-initial):not(:last-child):not(.elementor-absolute){margin-block-end:: 0px;}.elementor-10231 .elementor-element.elementor-element-3fd7e0b > .elementor-element-populated{padding:0px 0px 20px 0px;}.elementor-10231 .elementor-element.elementor-element-ba1787b > .elementor-widget-container{margin:0px 0px 0px 0px;}.elementor-10231 .elementor-element.elementor-element-ba1787b .elementor-heading-title{font-size:18px;}.elementor-10231 .elementor-element.elementor-element-2feab75 > .elementor-widget-container{margin:6px 0px 0px 0px;padding:0px 0px 0px 0px;}.elementor-10231 .elementor-element.elementor-element-9eb3b81 > .elementor-widget-container{margin:6px 0px 0px 4px;padding:0px 12px 0px 0px;}.elementor-10231 .elementor-element.elementor-element-a06a422 > .elementor-widget-container{margin:5px 0px 10px 0px;}@media(max-width:767px){.elementor-10231 .elementor-element.elementor-element-a06a422 > .elementor-widget-container{padding:0px 0px 0px 0px;}}\/* Start custom CSS for theme-post-title, class: .elementor-element-ba1787b *\/.elementor-10231 .elementor-element.elementor-element-ba1787b h1 {\n    margin-bottom: 0;\n}\/* End custom CSS *\/<\/style>\t\t<div data-elementor-type=\"loop-item\" data-elementor-id=\"10231\" class=\"elementor elementor-10231 e-loop-item e-loop-item-12278 post-12278 event type-event status-publish hentry\" data-elementor-post-type=\"elementor_library\" data-custom-edit-handle=\"1\">\n\t\t\t\t\t<section class=\"elementor-section elementor-top-section elementor-element elementor-element-5964543 elementor-section-boxed elementor-section-height-default elementor-section-height-default\" data-id=\"5964543\" data-element_type=\"section\">\n\t\t\t\t\t\t<div class=\"elementor-container elementor-column-gap-default\">\n\t\t\t\t\t<div class=\"elementor-column elementor-col-100 elementor-top-column elementor-element elementor-element-3fd7e0b\" data-id=\"3fd7e0b\" data-element_type=\"column\">\n\t\t\t<div class=\"elementor-widget-wrap elementor-element-populated\">\n\t\t\t\t\t\t<div class=\"elementor-element elementor-element-ba1787b mb-0 elementor-widget elementor-widget-theme-post-title elementor-page-title elementor-widget-heading\" data-id=\"ba1787b\" data-element_type=\"widget\" data-widget_type=\"theme-post-title.default\">\n\t\t\t\t<div class=\"elementor-widget-container\">\n\t\t\t\t\t<h1 class=\"elementor-heading-title elementor-size-default\">Senologie Update 2026<\/h1>\t\t\t\t<\/div>\n\t\t\t\t<\/div>\n\t\t\t\t<div class=\"elementor-element elementor-element-2feab75 d-inline-block w-auto mb-0 elementor-widget elementor-widget-shortcode\" data-id=\"2feab75\" data-element_type=\"widget\" data-widget_type=\"shortcode.default\">\n\t\t\t\t<div class=\"elementor-widget-container\">\n\t\t\t\t\t\t\t<div class=\"elementor-shortcode\">jeu, 21.05.2026<\/div>\n\t\t\t\t\t\t<\/div>\n\t\t\t\t<\/div>\n\t\t\t\t<div class=\"elementor-element elementor-element-a06a422 text-muted small elementor-widget elementor-widget-shortcode\" data-id=\"a06a422\" data-element_type=\"widget\" data-widget_type=\"shortcode.default\">\n\t\t\t\t<div class=\"elementor-widget-container\">\n\t\t\t\t\t\t\t<div class=\"elementor-shortcode\">Zurich<\/div>\n\t\t\t\t\t\t<\/div>\n\t\t\t\t<\/div>\n\t\t\t\t<div class=\"elementor-element elementor-element-5431e6d elementor-widget elementor-widget-shortcode\" data-id=\"5431e6d\" data-element_type=\"widget\" data-widget_type=\"shortcode.default\">\n\t\t\t\t<div class=\"elementor-widget-container\">\n\t\t\t\t\t\t\t<div class=\"elementor-shortcode\">\n\t\t<div class=\"d-flex align-items-center\">\n\n\t\t\t\n\t\t\t\t\n\t\t\t\t\n\t\t\t\t\t<a href=\"https:\/\/www.senologie.ch\/wp-content\/uploads\/2026\/01\/Senologie_Update_2026.pdf\" target=\"_blank\" class=\"d-flex align-items-center mr-2\">\n\t\t\t\t\t\t<i class=\"material-icons mr-0-5 text-primary\" style=\"font-size: 1rem;\">link<\/i>Informations\t\t\t\t\t<\/a>\n\n\t\t\t\t\n\t\t\t\n\t\t\t\t\n\t\t\t\t\n\t\t\t\t\t<a href=\"https:\/\/senologie-update.ch\/programm\" target=\"_blank\" class=\"d-flex align-items-center mr-2\">\n\t\t\t\t\t\t<i class=\"material-icons mr-0-5 text-primary\" style=\"font-size: 1rem;\">link<\/i>Programme\t\t\t\t\t<\/a>\n\n\t\t\t\t\n\t\t\t\n\t\t\t\t\n\t\t\t\t\n\t\t\t\t\t<a href=\"https:\/\/medtalks-switzerland.payrexx.com\/en\/pay?tid=6a9ba382\" target=\"_blank\" class=\"d-flex align-items-center mr-2\">\n\t\t\t\t\t\t<i class=\"material-icons mr-0-5 text-primary\" style=\"font-size: 1rem;\">link<\/i>Inscription\t\t\t\t\t<\/a>\n\n\t\t\t\t\n\t\t\t\n\t\t\t\t\n\t\t\t\t\n\t\t\t\n\t\t<\/div>\n\n\t\t<\/div>\n\t\t\t\t\t\t<\/div>\n\t\t\t\t<\/div>\n\t\t\t\t<div class=\"elementor-element elementor-element-333f078 event-data-ic elementor-widget elementor-widget-shortcode\" data-id=\"333f078\" data-element_type=\"widget\" data-widget_type=\"shortcode.default\">\n\t\t\t\t<div class=\"elementor-widget-container\">\n\t\t\t\t\t\t\t<div class=\"elementor-shortcode\">\n\t\t\n\t\t<\/div>\n\t\t\t\t\t\t<\/div>\n\t\t\t\t<\/div>\n\t\t\t\t\t<\/div>\n\t\t<\/div>\n\t\t\t\t\t<\/div>\n\t\t<\/section>\n\t\t\t\t<\/div>\n\t\t\t\t<div data-elementor-type=\"loop-item\" data-elementor-id=\"10231\" class=\"elementor elementor-10231 e-loop-item e-loop-item-12263 post-12263 event type-event status-publish hentry\" data-elementor-post-type=\"elementor_library\" data-custom-edit-handle=\"1\">\n\t\t\t\t\t<section class=\"elementor-section elementor-top-section elementor-element elementor-element-5964543 elementor-section-boxed elementor-section-height-default elementor-section-height-default\" data-id=\"5964543\" data-element_type=\"section\">\n\t\t\t\t\t\t<div class=\"elementor-container elementor-column-gap-default\">\n\t\t\t\t\t<div class=\"elementor-column elementor-col-100 elementor-top-column elementor-element elementor-element-3fd7e0b\" data-id=\"3fd7e0b\" data-element_type=\"column\">\n\t\t\t<div class=\"elementor-widget-wrap elementor-element-populated\">\n\t\t\t\t\t\t<div class=\"elementor-element elementor-element-ba1787b mb-0 elementor-widget elementor-widget-theme-post-title elementor-page-title elementor-widget-heading\" data-id=\"ba1787b\" data-element_type=\"widget\" data-widget_type=\"theme-post-title.default\">\n\t\t\t\t<div class=\"elementor-widget-container\">\n\t\t\t\t\t<h1 class=\"elementor-heading-title elementor-size-default\">SCR\u201926 \u2013 Swiss Congress of Radiology<\/h1>\t\t\t\t<\/div>\n\t\t\t\t<\/div>\n\t\t\t\t<div class=\"elementor-element elementor-element-2feab75 d-inline-block w-auto mb-0 elementor-widget elementor-widget-shortcode\" data-id=\"2feab75\" data-element_type=\"widget\" data-widget_type=\"shortcode.default\">\n\t\t\t\t<div class=\"elementor-widget-container\">\n\t\t\t\t\t\t\t<div class=\"elementor-shortcode\">jeu, 28.05.2026<\/div>\n\t\t\t\t\t\t<\/div>\n\t\t\t\t<\/div>\n\t\t\t\t<div class=\"elementor-element elementor-element-9eb3b81 d-inline-block w-auto  mb-0 elementor-widget elementor-widget-shortcode\" data-id=\"9eb3b81\" data-element_type=\"widget\" data-widget_type=\"shortcode.default\">\n\t\t\t\t<div class=\"elementor-widget-container\">\n\t\t\t\t\t\t\t<div class=\"elementor-shortcode\">- sam, 30.05.2026<\/div>\n\t\t\t\t\t\t<\/div>\n\t\t\t\t<\/div>\n\t\t\t\t<div class=\"elementor-element elementor-element-a06a422 text-muted small elementor-widget elementor-widget-shortcode\" data-id=\"a06a422\" data-element_type=\"widget\" data-widget_type=\"shortcode.default\">\n\t\t\t\t<div class=\"elementor-widget-container\">\n\t\t\t\t\t\t\t<div class=\"elementor-shortcode\">Lausanne<\/div>\n\t\t\t\t\t\t<\/div>\n\t\t\t\t<\/div>\n\t\t\t\t<div class=\"elementor-element elementor-element-5431e6d elementor-widget elementor-widget-shortcode\" data-id=\"5431e6d\" data-element_type=\"widget\" data-widget_type=\"shortcode.default\">\n\t\t\t\t<div class=\"elementor-widget-container\">\n\t\t\t\t\t\t\t<div class=\"elementor-shortcode\">\n\t\t<div class=\"d-flex align-items-center\">\n\n\t\t\t\n\t\t\t\t\n\t\t\t\t\n\t\t\t\t\t<a href=\"https:\/\/congress.sgr-ssr.ch\" target=\"_blank\" class=\"d-flex align-items-center mr-2\">\n\t\t\t\t\t\t<i class=\"material-icons mr-0-5 text-primary\" style=\"font-size: 1rem;\">link<\/i>Informations\t\t\t\t\t<\/a>\n\n\t\t\t\t\n\t\t\t\n\t\t\t\t\n\t\t\t\t\n\t\t\t\n\t\t\t\t\n\t\t\t\t\n\t\t\t\n\t\t\t\t\n\t\t\t\t\n\t\t\t\n\t\t<\/div>\n\n\t\t<\/div>\n\t\t\t\t\t\t<\/div>\n\t\t\t\t<\/div>\n\t\t\t\t<div class=\"elementor-element elementor-element-333f078 event-data-ic elementor-widget elementor-widget-shortcode\" data-id=\"333f078\" data-element_type=\"widget\" data-widget_type=\"shortcode.default\">\n\t\t\t\t<div class=\"elementor-widget-container\">\n\t\t\t\t\t\t\t<div class=\"elementor-shortcode\">\n\t\t\n\t\t<\/div>\n\t\t\t\t\t\t<\/div>\n\t\t\t\t<\/div>\n\t\t\t\t\t<\/div>\n\t\t<\/div>\n\t\t\t\t\t<\/div>\n\t\t<\/section>\n\t\t\t\t<\/div>\n\t\t\t\t<div data-elementor-type=\"loop-item\" data-elementor-id=\"10231\" class=\"elementor elementor-10231 e-loop-item e-loop-item-12311 post-12311 event type-event status-publish hentry\" data-elementor-post-type=\"elementor_library\" data-custom-edit-handle=\"1\">\n\t\t\t\t\t<section class=\"elementor-section elementor-top-section elementor-element elementor-element-5964543 elementor-section-boxed elementor-section-height-default elementor-section-height-default\" data-id=\"5964543\" data-element_type=\"section\">\n\t\t\t\t\t\t<div class=\"elementor-container elementor-column-gap-default\">\n\t\t\t\t\t<div class=\"elementor-column elementor-col-100 elementor-top-column elementor-element elementor-element-3fd7e0b\" data-id=\"3fd7e0b\" data-element_type=\"column\">\n\t\t\t<div class=\"elementor-widget-wrap elementor-element-populated\">\n\t\t\t\t\t\t<div class=\"elementor-element elementor-element-ba1787b mb-0 elementor-widget elementor-widget-theme-post-title elementor-page-title elementor-widget-heading\" data-id=\"ba1787b\" data-element_type=\"widget\" data-widget_type=\"theme-post-title.default\">\n\t\t\t\t<div class=\"elementor-widget-container\">\n\t\t\t\t\t<h1 class=\"elementor-heading-title elementor-size-default\">NextGen Senology 2026<\/h1>\t\t\t\t<\/div>\n\t\t\t\t<\/div>\n\t\t\t\t<div class=\"elementor-element elementor-element-2feab75 d-inline-block w-auto mb-0 elementor-widget elementor-widget-shortcode\" data-id=\"2feab75\" data-element_type=\"widget\" data-widget_type=\"shortcode.default\">\n\t\t\t\t<div class=\"elementor-widget-container\">\n\t\t\t\t\t\t\t<div class=\"elementor-shortcode\">ven, 05.06.2026<\/div>\n\t\t\t\t\t\t<\/div>\n\t\t\t\t<\/div>\n\t\t\t\t<div class=\"elementor-element elementor-element-a06a422 text-muted small elementor-widget elementor-widget-shortcode\" data-id=\"a06a422\" data-element_type=\"widget\" data-widget_type=\"shortcode.default\">\n\t\t\t\t<div class=\"elementor-widget-container\">\n\t\t\t\t\t\t\t<div class=\"elementor-shortcode\">Insel Spital Bern<\/div>\n\t\t\t\t\t\t<\/div>\n\t\t\t\t<\/div>\n\t\t\t\t<div class=\"elementor-element elementor-element-5431e6d elementor-widget elementor-widget-shortcode\" data-id=\"5431e6d\" data-element_type=\"widget\" data-widget_type=\"shortcode.default\">\n\t\t\t\t<div class=\"elementor-widget-container\">\n\t\t\t\t\t\t\t<div class=\"elementor-shortcode\">\n\t\t<div class=\"d-flex align-items-center\">\n\n\t\t\t\n\t\t\t\t\n\t\t\t\t\n\t\t\t\n\t\t\t\t\n\t\t\t\t\n\t\t\t\t\t<a href=\"https:\/\/www.senologie.ch\/wp-content\/uploads\/2026\/02\/NextGen_senology_2026.pdf\" target=\"_blank\" class=\"d-flex align-items-center mr-2\">\n\t\t\t\t\t\t<i class=\"material-icons mr-0-5 text-primary\" style=\"font-size: 1rem;\">link<\/i>Programme\t\t\t\t\t<\/a>\n\n\t\t\t\t\n\t\t\t\n\t\t\t\t\n\t\t\t\t\n\t\t\t\t\t<a href=\"https:\/\/www.meeting-com.ch\/de\/konferenzen-tagungen\/veranstaltungsdetails\/events\/nextgen-senology-2026\" target=\"_blank\" class=\"d-flex align-items-center mr-2\">\n\t\t\t\t\t\t<i class=\"material-icons mr-0-5 text-primary\" style=\"font-size: 1rem;\">link<\/i>Inscription\t\t\t\t\t<\/a>\n\n\t\t\t\t\n\t\t\t\n\t\t\t\t\n\t\t\t\t\n\t\t\t\n\t\t<\/div>\n\n\t\t<\/div>\n\t\t\t\t\t\t<\/div>\n\t\t\t\t<\/div>\n\t\t\t\t<div class=\"elementor-element elementor-element-333f078 event-data-ic elementor-widget elementor-widget-shortcode\" data-id=\"333f078\" data-element_type=\"widget\" data-widget_type=\"shortcode.default\">\n\t\t\t\t<div class=\"elementor-widget-container\">\n\t\t\t\t\t\t\t<div class=\"elementor-shortcode\">\n\t\t\n\t\t<\/div>\n\t\t\t\t\t\t<\/div>\n\t\t\t\t<\/div>\n\t\t\t\t\t<\/div>\n\t\t<\/div>\n\t\t\t\t\t<\/div>\n\t\t<\/section>\n\t\t\t\t<\/div>\n\t\t\t\t<div data-elementor-type=\"loop-item\" data-elementor-id=\"10231\" class=\"elementor elementor-10231 e-loop-item e-loop-item-11783 post-11783 event type-event status-publish hentry\" data-elementor-post-type=\"elementor_library\" data-custom-edit-handle=\"1\">\n\t\t\t\t\t<section class=\"elementor-section elementor-top-section elementor-element elementor-element-5964543 elementor-section-boxed elementor-section-height-default elementor-section-height-default\" data-id=\"5964543\" data-element_type=\"section\">\n\t\t\t\t\t\t<div class=\"elementor-container elementor-column-gap-default\">\n\t\t\t\t\t<div class=\"elementor-column elementor-col-100 elementor-top-column elementor-element elementor-element-3fd7e0b\" data-id=\"3fd7e0b\" data-element_type=\"column\">\n\t\t\t<div class=\"elementor-widget-wrap elementor-element-populated\">\n\t\t\t\t\t\t<div class=\"elementor-element elementor-element-ba1787b mb-0 elementor-widget elementor-widget-theme-post-title elementor-page-title elementor-widget-heading\" data-id=\"ba1787b\" data-element_type=\"widget\" data-widget_type=\"theme-post-title.default\">\n\t\t\t\t<div class=\"elementor-widget-container\">\n\t\t\t\t\t<h1 class=\"elementor-heading-title elementor-size-default\">MIBB Hands-On 2026<\/h1>\t\t\t\t<\/div>\n\t\t\t\t<\/div>\n\t\t\t\t<div class=\"elementor-element elementor-element-2feab75 d-inline-block w-auto mb-0 elementor-widget elementor-widget-shortcode\" data-id=\"2feab75\" data-element_type=\"widget\" data-widget_type=\"shortcode.default\">\n\t\t\t\t<div class=\"elementor-widget-container\">\n\t\t\t\t\t\t\t<div class=\"elementor-shortcode\">mer, 23.09.2026<\/div>\n\t\t\t\t\t\t<\/div>\n\t\t\t\t<\/div>\n\t\t\t\t<div class=\"elementor-element elementor-element-a06a422 text-muted small elementor-widget elementor-widget-shortcode\" data-id=\"a06a422\" data-element_type=\"widget\" data-widget_type=\"shortcode.default\">\n\t\t\t\t<div class=\"elementor-widget-container\">\n\t\t\t\t\t\t\t<div class=\"elementor-shortcode\">B\u00e2le<\/div>\n\t\t\t\t\t\t<\/div>\n\t\t\t\t<\/div>\n\t\t\t\t<div class=\"elementor-element elementor-element-5431e6d elementor-widget elementor-widget-shortcode\" data-id=\"5431e6d\" data-element_type=\"widget\" data-widget_type=\"shortcode.default\">\n\t\t\t\t<div class=\"elementor-widget-container\">\n\t\t\t\t\t\t\t<div class=\"elementor-shortcode\">\n\t\t<div class=\"d-flex align-items-center\">\n\n\t\t\t\n\t\t\t\t\n\t\t\t\t\n\t\t\t\n\t\t\t\t\n\t\t\t\t\n\t\t\t\n\t\t\t\t\n\t\t\t\t\n\t\t\t\t\t<a href=\"https:\/\/www.meeting-com.ch\/congres-evenements\/details-evenement\/events\/mibb-hands-on-certification-course-2026\" target=\"_blank\" class=\"d-flex align-items-center mr-2\">\n\t\t\t\t\t\t<i class=\"material-icons mr-0-5 text-primary\" style=\"font-size: 1rem;\">link<\/i>Inscription\t\t\t\t\t<\/a>\n\n\t\t\t\t\n\t\t\t\n\t\t\t\t\n\t\t\t\t\n\t\t\t\n\t\t<\/div>\n\n\t\t<\/div>\n\t\t\t\t\t\t<\/div>\n\t\t\t\t<\/div>\n\t\t\t\t<div class=\"elementor-element elementor-element-333f078 event-data-ic elementor-widget elementor-widget-shortcode\" data-id=\"333f078\" data-element_type=\"widget\" data-widget_type=\"shortcode.default\">\n\t\t\t\t<div class=\"elementor-widget-container\">\n\t\t\t\t\t\t\t<div class=\"elementor-shortcode\">\n\t\t\n\t\t<\/div>\n\t\t\t\t\t\t<\/div>\n\t\t\t\t<\/div>\n\t\t\t\t\t<\/div>\n\t\t<\/div>\n\t\t\t\t\t<\/div>\n\t\t<\/section>\n\t\t\t\t<\/div>\n\t\t\t\t<div data-elementor-type=\"loop-item\" data-elementor-id=\"10231\" class=\"elementor elementor-10231 e-loop-item e-loop-item-11784 post-11784 event type-event status-publish hentry\" data-elementor-post-type=\"elementor_library\" data-custom-edit-handle=\"1\">\n\t\t\t\t\t<section class=\"elementor-section elementor-top-section elementor-element elementor-element-5964543 elementor-section-boxed elementor-section-height-default elementor-section-height-default\" data-id=\"5964543\" data-element_type=\"section\">\n\t\t\t\t\t\t<div class=\"elementor-container elementor-column-gap-default\">\n\t\t\t\t\t<div class=\"elementor-column elementor-col-100 elementor-top-column elementor-element elementor-element-3fd7e0b\" data-id=\"3fd7e0b\" data-element_type=\"column\">\n\t\t\t<div class=\"elementor-widget-wrap elementor-element-populated\">\n\t\t\t\t\t\t<div class=\"elementor-element elementor-element-ba1787b mb-0 elementor-widget elementor-widget-theme-post-title elementor-page-title elementor-widget-heading\" data-id=\"ba1787b\" data-element_type=\"widget\" data-widget_type=\"theme-post-title.default\">\n\t\t\t\t<div class=\"elementor-widget-container\">\n\t\t\t\t\t<h1 class=\"elementor-heading-title elementor-size-default\">MIBB Symposium 2026<\/h1>\t\t\t\t<\/div>\n\t\t\t\t<\/div>\n\t\t\t\t<div class=\"elementor-element elementor-element-2feab75 d-inline-block w-auto mb-0 elementor-widget elementor-widget-shortcode\" data-id=\"2feab75\" data-element_type=\"widget\" data-widget_type=\"shortcode.default\">\n\t\t\t\t<div class=\"elementor-widget-container\">\n\t\t\t\t\t\t\t<div class=\"elementor-shortcode\">jeu, 24.09.2026<\/div>\n\t\t\t\t\t\t<\/div>\n\t\t\t\t<\/div>\n\t\t\t\t<div class=\"elementor-element elementor-element-a06a422 text-muted small elementor-widget elementor-widget-shortcode\" data-id=\"a06a422\" data-element_type=\"widget\" data-widget_type=\"shortcode.default\">\n\t\t\t\t<div class=\"elementor-widget-container\">\n\t\t\t\t\t\t\t<div class=\"elementor-shortcode\">Centre des expositions et des congr\u00e8s, B\u00e2le, Suisse<\/div>\n\t\t\t\t\t\t<\/div>\n\t\t\t\t<\/div>\n\t\t\t\t<div class=\"elementor-element elementor-element-5431e6d elementor-widget elementor-widget-shortcode\" data-id=\"5431e6d\" data-element_type=\"widget\" data-widget_type=\"shortcode.default\">\n\t\t\t\t<div class=\"elementor-widget-container\">\n\t\t\t\t\t\t\t<div class=\"elementor-shortcode\">\n\t\t<div class=\"d-flex align-items-center\">\n\n\t\t\t\n\t\t\t\t\n\t\t\t\t\n\t\t\t\n\t\t\t\t\n\t\t\t\t\n\t\t\t\n\t\t\t\t\n\t\t\t\t\n\t\t\t\t\t<a href=\"https:\/\/www.meeting-com.ch\/congres-evenements\/details-evenement\/events\/mibb-symposium-annual-sss-congress-2026\" target=\"_blank\" class=\"d-flex align-items-center mr-2\">\n\t\t\t\t\t\t<i class=\"material-icons mr-0-5 text-primary\" style=\"font-size: 1rem;\">link<\/i>Inscription\t\t\t\t\t<\/a>\n\n\t\t\t\t\n\t\t\t\n\t\t\t\t\n\t\t\t\t\n\t\t\t\n\t\t<\/div>\n\n\t\t<\/div>\n\t\t\t\t\t\t<\/div>\n\t\t\t\t<\/div>\n\t\t\t\t<div class=\"elementor-element elementor-element-333f078 event-data-ic elementor-widget elementor-widget-shortcode\" data-id=\"333f078\" data-element_type=\"widget\" data-widget_type=\"shortcode.default\">\n\t\t\t\t<div class=\"elementor-widget-container\">\n\t\t\t\t\t\t\t<div class=\"elementor-shortcode\">\n\t\t\n\t\t<\/div>\n\t\t\t\t\t\t<\/div>\n\t\t\t\t<\/div>\n\t\t\t\t\t<\/div>\n\t\t<\/div>\n\t\t\t\t\t<\/div>\n\t\t<\/section>\n\t\t\t\t<\/div>\n\t\t\t\t<div data-elementor-type=\"loop-item\" data-elementor-id=\"10231\" class=\"elementor elementor-10231 e-loop-item e-loop-item-11785 post-11785 event type-event status-publish hentry\" data-elementor-post-type=\"elementor_library\" data-custom-edit-handle=\"1\">\n\t\t\t\t\t<section class=\"elementor-section elementor-top-section elementor-element elementor-element-5964543 elementor-section-boxed elementor-section-height-default elementor-section-height-default\" data-id=\"5964543\" data-element_type=\"section\">\n\t\t\t\t\t\t<div class=\"elementor-container elementor-column-gap-default\">\n\t\t\t\t\t<div class=\"elementor-column elementor-col-100 elementor-top-column elementor-element elementor-element-3fd7e0b\" data-id=\"3fd7e0b\" data-element_type=\"column\">\n\t\t\t<div class=\"elementor-widget-wrap elementor-element-populated\">\n\t\t\t\t\t\t<div class=\"elementor-element elementor-element-ba1787b mb-0 elementor-widget elementor-widget-theme-post-title elementor-page-title elementor-widget-heading\" data-id=\"ba1787b\" data-element_type=\"widget\" data-widget_type=\"theme-post-title.default\">\n\t\t\t\t<div class=\"elementor-widget-container\">\n\t\t\t\t\t<h1 class=\"elementor-heading-title elementor-size-default\">Congr\u00e8s annuel de la Soci\u00e9t\u00e9 suisse de s\u00e9nologie 2026<\/h1>\t\t\t\t<\/div>\n\t\t\t\t<\/div>\n\t\t\t\t<div class=\"elementor-element elementor-element-2feab75 d-inline-block w-auto mb-0 elementor-widget elementor-widget-shortcode\" data-id=\"2feab75\" data-element_type=\"widget\" data-widget_type=\"shortcode.default\">\n\t\t\t\t<div class=\"elementor-widget-container\">\n\t\t\t\t\t\t\t<div class=\"elementor-shortcode\">ven, 25.09.2026<\/div>\n\t\t\t\t\t\t<\/div>\n\t\t\t\t<\/div>\n\t\t\t\t<div class=\"elementor-element elementor-element-a06a422 text-muted small elementor-widget elementor-widget-shortcode\" data-id=\"a06a422\" data-element_type=\"widget\" data-widget_type=\"shortcode.default\">\n\t\t\t\t<div class=\"elementor-widget-container\">\n\t\t\t\t\t\t\t<div class=\"elementor-shortcode\">Centre des expositions et des congr\u00e8s, B\u00e2le, Suisse<\/div>\n\t\t\t\t\t\t<\/div>\n\t\t\t\t<\/div>\n\t\t\t\t<div class=\"elementor-element elementor-element-5431e6d elementor-widget elementor-widget-shortcode\" data-id=\"5431e6d\" data-element_type=\"widget\" data-widget_type=\"shortcode.default\">\n\t\t\t\t<div class=\"elementor-widget-container\">\n\t\t\t\t\t\t\t<div class=\"elementor-shortcode\"><div class=\"text-muted\">&mdash;<\/div><\/div>\n\t\t\t\t\t\t<\/div>\n\t\t\t\t<\/div>\n\t\t\t\t<div class=\"elementor-element elementor-element-333f078 event-data-ic elementor-widget elementor-widget-shortcode\" data-id=\"333f078\" data-element_type=\"widget\" data-widget_type=\"shortcode.default\">\n\t\t\t\t<div class=\"elementor-widget-container\">\n\t\t\t\t\t\t\t<div class=\"elementor-shortcode\">\n\t\t\n\t\t<\/div>\n\t\t\t\t\t\t<\/div>\n\t\t\t\t<\/div>\n\t\t\t\t\t<\/div>\n\t\t<\/div>\n\t\t\t\t\t<\/div>\n\t\t<\/section>\n\t\t\t\t<\/div>\n\t\t\t\t<\/div>\n\t\t\n\t\t\t\t\t\t<\/div>\n\t\t\t\t<\/div>\n\t\t\t\t\t<\/div>\n\t\t<\/div>\n\t\t\t\t\t<\/div>\n\t\t<\/section>\n\t\t\t\t<\/div>\n\t\t","protected":false},"excerpt":{"rendered":"","protected":false},"author":4,"featured_media":0,"parent":752,"menu_order":5,"comment_status":"closed","ping_status":"closed","template":"","meta":{"_acf_changed":false,"footnotes":""},"class_list":["post-11796","page","type-page","status-publish","hentry"],"acf":[],"_links":{"self":[{"href":"https:\/\/www.senologie.ch\/fr\/wp-json\/wp\/v2\/pages\/11796","targetHints":{"allow":["GET"]}}],"collection":[{"href":"https:\/\/www.senologie.ch\/fr\/wp-json\/wp\/v2\/pages"}],"about":[{"href":"https:\/\/www.senologie.ch\/fr\/wp-json\/wp\/v2\/types\/page"}],"author":[{"embeddable":true,"href":"https:\/\/www.senologie.ch\/fr\/wp-json\/wp\/v2\/users\/4"}],"replies":[{"embeddable":true,"href":"https:\/\/www.senologie.ch\/fr\/wp-json\/wp\/v2\/comments?post=11796"}],"version-history":[{"count":1,"href":"https:\/\/www.senologie.ch\/fr\/wp-json\/wp\/v2\/pages\/11796\/revisions"}],"predecessor-version":[{"id":11797,"href":"https:\/\/www.senologie.ch\/fr\/wp-json\/wp\/v2\/pages\/11796\/revisions\/11797"}],"up":[{"embeddable":true,"href":"https:\/\/www.senologie.ch\/fr\/wp-json\/wp\/v2\/pages\/752"}],"wp:attachment":[{"href":"https:\/\/www.senologie.ch\/fr\/wp-json\/wp\/v2\/media?parent=11796"}],"curies":[{"name":"wp","href":"https:\/\/api.w.org\/{rel}","templated":true}]}}